{"id":1310,"date":"2026-04-17T13:02:01","date_gmt":"2026-04-17T12:02:01","guid":{"rendered":"https:\/\/gamblerina.org\/login-and-registration\/"},"modified":"2026-04-17T13:46:32","modified_gmt":"2026-04-17T12:46:32","slug":"anmeldung-und-registrierung","status":"publish","type":"page","link":"https:\/\/gamblerina.org\/de\/anmeldung-und-registrierung\/","title":{"rendered":"Anmeldung und Registrierung"},"content":{"rendered":"<h1>Gamblerina Anmeldung und Kontoer\u00f6ffnung<\/h1>\n<p>Der Gamblerina Login ist \u00fcberhaupt nicht schwierig. Der erste Schritt ist kurz \u2013 nur eine E-Mail-Adresse und ein Passwort. Das reicht aus, um die T\u00fcr zu \u00f6ffnen. Sobald die Anmeldung abgeschlossen ist, ist die Plattform keine Vorschau mehr; sie f\u00fchlt sich an wie Ihr eigener Ort f\u00fcr Spa\u00df und Vergn\u00fcgen.<\/p>\n<p><div class=\"banner-wrap\" aria-label=\"Banner\"><img src=\"https:\/\/gamblerina.org\/wp-content\/uploads\/2026\/04\/Gamblerina-banner-carousel-800\u0445400.webp\" class=\"w-100 d-none d-lg-block img-pc main-banner-img\" alt=\"Gamblerina banner carousel\" fetchpriority=\"high\" decoding=\"async\"><img src=\"https:\/\/gamblerina.org\/wp-content\/uploads\/2026\/04\/gamblerina-banner-mobile.webp\" class=\"w-100 d-none d-md-block d-lg-none main-banner-img\" alt=\"gamblerina banner mobile\" fetchpriority=\"high\" decoding=\"async\"><img src=\"https:\/\/gamblerina.org\/wp-content\/uploads\/2026\/04\/gamblerina-banner-mobile.webp\" class=\"w-100 d-md-none\" alt=\"gamblerina banner mobile\" fetchpriority=\"high\" decoding=\"async\"><div class=\"banner-description\">\n<div class=\"banner-title\">Willkommensboni<\/div>\n<p class=\"banner-header-title\">1500 \u20ac<\/p>\n<div class=\"banner-header-AdditionalText\">+ 250 Freispiele<\/div>\n<button data-item=\"homepage_banner_link\" class=\"goto m-button m-gradient-border m-button--primary m-button--large banner-button btn-orange\">\n            <div class=\"m-button-content\">\n                <span>Jetzt anmelden<\/span>\n                <span><\/span>\n            <\/div>\n        <\/button>\n<\/div>\n<div class=\"WelcomePack\">\n<p><img loading=\"lazy\" decoding=\"async\" class=\"alignnone size-full wp-image-1201\" src=\"https:\/\/gamblerina.org\/wp-content\/uploads\/2026\/04\/welcome-crown.png\" alt=\"welcome-crown\" width=\"25\" height=\"26\" \/><\/p>\n<div class=\"WelcomePack-Info\">W\u00f6chentlicher Cashback von bis zu 25 %<\/div>\n<p><img loading=\"lazy\" decoding=\"async\" class=\"alignnone size-full wp-image-1201\" src=\"https:\/\/gamblerina.org\/wp-content\/uploads\/2026\/04\/welcome-crown.png\" alt=\"welcome-crown\" width=\"25\" height=\"26\" \/><\/p>\n<\/div>\n<\/div><div class=\"scrollable-content-wrap my-5\"><div class=\"scrollable-content-inner\"><h2>Vorteile des Gamblerina Casino Kontos<\/h2>\n<p>Ohne Konto schauen Sie sich meist nur um. Sobald Sie die Gamblerina Anmeldung abgeschlossen haben, \u00e4ndert sich die Situation. Die gesamte Spielbibliothek steht Ihnen zur Verf\u00fcgung, einschlie\u00dflich unserer Online-Slots.<\/p>\n<p>Auch die Bonusseite gewinnt an Bedeutung. Das Willkommensangebot ist an Ihre ersten Einzahlungen gekn\u00fcpft und entfaltet sich Schritt f\u00fcr Schritt. Dieser Bonus gibt Ihnen etwas mehr Zeit, die Gamblerina-Plattform zu erkunden. Wenn Sie aktiv bleiben, erscheinen weitere Angebote \u2013 Cashback, saisonale Aktionen, Turniere und kleine Verg\u00fcnstigungen durch das Treuesystem.<\/p>\n<p>Ihr Konto wird zudem zu einer pers\u00f6nlichen \u00dcbersicht. Ihre Eins\u00e4tze, Einzahlungen, Boni und sogar Ihr Gamblerina Casino Anmeldeverlauf werden hier gespeichert.<\/p>\n<h2>Sicherheitsaspekte<\/h2>\n<p>Gamblerina verf\u00fcgt \u00fcber eine ordnungsgem\u00e4\u00dfe Betriebslizenz und nimmt die Einhaltung der GDPR ernst. Die Sicherheitsinfrastruktur deckt hier alle Aspekte ab: Was passiert, wenn jemand versucht, auf Ihr Konto zuzugreifen, wie Ihre Daten durch das Netzwerk \u00fcbertragen werden und was zwischen Ihren Informationen und Unbefugten steht.<\/p>\n<table>\n<tbody>\n<tr>\n<td>Sicherheitsschicht<\/td>\n<td>Funktionsweise<\/td>\n<\/tr>\n<tr>\n<td>System zur Erkennung von Eindringlingen<\/td>\n<td>Es \u00fcberwacht den Datenverkehr auf der Plattform kontinuierlich und meldet verd\u00e4chtiges Verhalten, bevor es die Benutzerkonten erreicht<\/td>\n<\/tr>\n<tr>\n<td>Zwei-Faktor-Authentifizierung<\/td>\n<td>Es f\u00fcgt dem Gamblerina Anmeldevorgang einen zweiten Schritt hinzu, bei dem zus\u00e4tzlich zu Ihrem Passwort ein zeitabh\u00e4ngiger Code erforderlich ist<\/td>\n<\/tr>\n<tr>\n<td>TLS-Verschl\u00fcsselung<\/td>\n<td>Sie verschl\u00fcsselt alle Daten, die zwischen Ihrem Ger\u00e4t und der Plattform \u00fcbertragen werden, sodass diese w\u00e4hrend der \u00dcbertragung nicht gelesen werden k\u00f6nnen<\/td>\n<\/tr>\n<\/tbody>\n<\/table>\n<p>Es lohnt sich, die Zwei-Faktor-Authentifizierung zu aktivieren, falls Sie dies noch nicht getan haben. Sie f\u00fcgt Ihrer Anmeldung einen Schritt hinzu und erschwert unbefugten Zugriff erheblich, sodass ein gestohlenes Passwort nicht ausreicht, um Zugang zu erhalten. Die Einstellung finden Sie in Ihrem Gamblerina Casino Kontoprofil und die Einrichtung dauert etwa eine Minute.<\/p>\n<h2>So erstellen Sie Ihr Casino-Konto<\/h2>\n<p>Die Registrierung bei Gamble Rina ist ein kurzer Vorgang, der in zwei kleine Schritte unterteilt ist, und das meiste davon kommt Ihnen bekannt vor.<\/p>\n<ol>\n<li>\u00dcber die Schaltfl\u00e4che \u201eRegistrieren\u201c wird das erste Formular ge\u00f6ffnet.<\/li>\n<li>Sie geben Ihre E-Mail-Adresse ein und erstellen ein Passwort.<\/li>\n<li>Eine kurze Best\u00e4tigung, dass Sie \u00fcber 18 Jahre alt sind und den Bedingungen zustimmen.<\/li>\n<li>Dann erscheint der zweite Schritt, in dem Sie Ihren Namen und Ihr Geburtsdatum angeben (die Telefonnummer k\u00f6nnen Sie weglassen, wenn Sie m\u00f6chten).<\/li>\n<\/ol>\n<p>Das reicht aus, um Ihr Gamblerina Casino-Konto einzurichten. Zu Beginn \u00fcberpr\u00fcfen wir Dokumente nicht sofort, sodass der Vorgang unkompliziert erscheint. Sp\u00e4ter jedoch, wenn Sie sich entscheiden, Geld abzuheben, kommt der Verifizierungsprozess ins Spiel. Zu diesem Zeitpunkt m\u00fcssen Ihre Angaben mit Ihren Dokumenten \u00fcbereinstimmen. Wenn etwas nicht \u00fcbereinstimmt, kann dies zu Einschr\u00e4nkungen oder sogar zum Verlust des Zugriffs auf das Konto und dessen Guthaben f\u00fchren.<\/p>\n<p><img loading=\"lazy\" decoding=\"async\" class=\"alignnone size-full wp-image-1225\" src=\"https:\/\/gamblerina.org\/wp-content\/uploads\/2026\/04\/Gamblerina-Login.webp\" alt=\"Gamblerina Login\" width=\"1248\" height=\"536\" srcset=\"https:\/\/gamblerina.org\/wp-content\/uploads\/2026\/04\/Gamblerina-Login.webp 1248w, https:\/\/gamblerina.org\/wp-content\/uploads\/2026\/04\/Gamblerina-Login-300x129.webp 300w, https:\/\/gamblerina.org\/wp-content\/uploads\/2026\/04\/Gamblerina-Login-1024x440.webp 1024w, https:\/\/gamblerina.org\/wp-content\/uploads\/2026\/04\/Gamblerina-Login-768x330.webp 768w\" sizes=\"auto, (max-width: 1248px) 100vw, 1248px\" \/><\/p>\n<h2>Anmeldeprozess bei Gamblerina<\/h2>\n<p>Die Anmeldung bei Gamblerina dauert nicht l\u00e4nger als ein paar Sekunden. Sie \u00f6ffnen das Anmeldefenster, geben Ihre Daten ein und sind wieder in Ihrem Konto.<\/p>\n<ol>\n<li>Geben Sie Ihre E-Mail-Adresse und Ihr Passwort, die Sie bei der Registrierung verwendet haben, in die entsprechenden Felder ein.<\/li>\n<li>Wenn die Zwei-Faktor-Authentifizierung aktiviert ist, ist ein kurzer Code erforderlich, um die Anmeldung abzuschlie\u00dfen.<\/li>\n<li>Danach erhalten Sie Zugriff, und alles wird wie gewohnt geladen.<\/li>\n<\/ol>\n<p>Wenn etwas nicht funktioniert, liegt es oft an einem kleinen Detail. Ein falsch eingegebenes Passwort, ein zus\u00e4tzliches Leerzeichen oder die aktivierte Feststelltaste k\u00f6nnen Probleme verursachen. In diesen F\u00e4llen hilft die erneute Eingabe der Daten.<\/p>\n<p>Wenn der Zugriff immer noch nicht funktioniert, gibt es auf demselben Bildschirm eine Option zum Zur\u00fccksetzen. \u00dcber Ihre E-Mail-Adresse k\u00f6nnen Sie ein neues Passwort festlegen, wodurch das Problem gel\u00f6st wird. Falls nicht, steht Ihnen das Gamblerina-Supportteam per Live-Chat zur Verf\u00fcgung, und wir helfen Ihnen bei der L\u00f6sung des Problems.<\/p>\n<h2>FAQ<\/h2>\n<h3>Kann ich mehrere Gamblerina Casino Konten gleichzeitig erstellen?<\/h3>\n<p>Es gilt die Regel: ein Konto pro Person. Da das Konto an Ihre Daten gebunden ist, f\u00fchrt die Erstellung mehrerer Profile \u2013 insbesondere mit unterschiedlichen oder erfundenen Angaben \u2013 fr\u00fcher oder sp\u00e4ter zu Problemen. Dies hat Einschr\u00e4nkungen oder einen vollst\u00e4ndigen Ausschluss zur Folge. Ein Konto funktioniert auf allen Ger\u00e4ten, die denselben Gamblerina Login verwenden.<\/p>\n<h3>Wo kann ich den Verlauf meiner Spielaktivit\u00e4ten bei Gamblerina Casino einsehen?<\/h3>\n<p>Alles, was Sie auf der Plattform tun, wird in Ihrem Konto aufgezeichnet. Es gibt einen Bereich, in dem Sie Ihre Spielsitzungen, Einzahlungen, Auszahlungen und die Nutzung von Boni einsehen k\u00f6nnen. Alles ist \u00fcbersichtlich sortiert, sodass Sie den \u00dcberblick behalten: nach Art, Status oder Zeitraum.<\/p>\n<h3>Wie kann ich meine E-Mail-Adresse verifizieren?<\/h3>\n<p>In Ihrem Gamblerina-Profil gibt es eine kleine Aufforderung, die Ihnen hilft, Ihre Kontaktdaten zu best\u00e4tigen. Das dauert nur einen Moment, daher erleichtert es die Dinge sp\u00e4ter, wenn Sie dies fr\u00fchzeitig erledigen, insbesondere falls Sie jemals Hilfe von unserem mehrsprachigen Support ben\u00f6tigen oder auf Probleme mit Ihrem Konto sto\u00dfen sollten.<\/p>\n<\/div><\/div><\/p>\n","protected":false},"excerpt":{"rendered":"<p>Gamblerina Anmeldung und Kontoer\u00f6ffnung Der Gamblerina Login ist \u00fcberhaupt nicht schwierig. Der erste Schritt ist kurz \u2013 nur eine E-Mail-Adresse und ein Passwort. Das reicht aus, um die T\u00fcr zu \u00f6ffnen. Sobald die Anmeldung abgeschlossen ist, ist die Plattform keine Vorschau mehr; sie f\u00fchlt sich an wie Ihr eigener Ort f\u00fcr Spa\u00df und Vergn\u00fcgen.<\/p>\n","protected":false},"author":21,"featured_media":0,"parent":0,"menu_order":0,"comment_status":"closed","ping_status":"closed","template":"template-builder.php","meta":{"_acf_changed":false,"inline_featured_image":false,"footnotes":""},"class_list":["post-1310","page","type-page","status-publish","hentry"],"acf":[],"yoast_head":"<!-- This site is optimized with the Yoast SEO plugin v27.3 - https:\/\/yoast.com\/product\/yoast-seo-wordpress\/ -->\n<title>Gamblerina Casino Login \u2013 Schnelle Registrierung und sicheres Konto<\/title>\n<meta name=\"description\" content=\"Gamblerina Casino Login \u2013 starte in unter einer Minute mit blitzschneller Registrierung oder melde dich mit Verschl\u00fcsselung auf Milit\u00e4rniveau an. Verwalte dein Guthaben, verfolge Bonusfortschritte und passe Kontoeinstellungen m\u00fchelos bei Gamble Rina an.\" \/>\n<meta name=\"robots\" content=\"index, follow, max-snippet:-1, max-image-preview:large, max-video-preview:-1\" \/>\n<link rel=\"canonical\" href=\"https:\/\/gamblerina.org\/de\/anmeldung-und-registrierung\/\" \/>\n<meta property=\"og:locale\" content=\"de_DE\" \/>\n<meta property=\"og:type\" content=\"article\" \/>\n<meta property=\"og:title\" content=\"Gamblerina Casino Login \u2013 Schnelle Registrierung und sicheres Konto\" \/>\n<meta property=\"og:description\" content=\"Gamblerina Casino Login \u2013 starte in unter einer Minute mit blitzschneller Registrierung oder melde dich mit Verschl\u00fcsselung auf Milit\u00e4rniveau an. Verwalte dein Guthaben, verfolge Bonusfortschritte und passe Kontoeinstellungen m\u00fchelos bei Gamble Rina an.\" \/>\n<meta property=\"og:url\" content=\"https:\/\/gamblerina.org\/de\/anmeldung-und-registrierung\/\" \/>\n<meta property=\"og:site_name\" content=\"Gamblerina\" \/>\n<meta property=\"article:modified_time\" content=\"2026-04-17T12:46:32+00:00\" \/>\n<meta name=\"twitter:card\" content=\"summary_large_image\" \/>\n<meta name=\"twitter:label1\" content=\"Gesch\u00e4tzte Lesezeit\" \/>\n\t<meta name=\"twitter:data1\" content=\"1\u00a0Minute\" \/>\n<script type=\"application\/ld+json\" class=\"yoast-schema-graph\">{\"@context\":\"https:\\\/\\\/schema.org\",\"@graph\":[{\"@type\":\"WebPage\",\"@id\":\"https:\\\/\\\/gamblerina.org\\\/de\\\/anmeldung-und-registrierung\\\/\",\"url\":\"https:\\\/\\\/gamblerina.org\\\/de\\\/anmeldung-und-registrierung\\\/\",\"name\":\"Gamblerina Casino Login \u2013 Schnelle Registrierung und sicheres Konto\",\"isPartOf\":{\"@id\":\"https:\\\/\\\/gamblerina.org\\\/de\\\/#website\"},\"datePublished\":\"2026-04-17T12:02:01+00:00\",\"dateModified\":\"2026-04-17T12:46:32+00:00\",\"description\":\"Gamblerina Casino Login \u2013 starte in unter einer Minute mit blitzschneller Registrierung oder melde dich mit Verschl\u00fcsselung auf Milit\u00e4rniveau an. Verwalte dein Guthaben, verfolge Bonusfortschritte und passe Kontoeinstellungen m\u00fchelos bei Gamble Rina an.\",\"breadcrumb\":{\"@id\":\"https:\\\/\\\/gamblerina.org\\\/de\\\/anmeldung-und-registrierung\\\/#breadcrumb\"},\"inLanguage\":\"de\",\"potentialAction\":[{\"@type\":\"ReadAction\",\"target\":[\"https:\\\/\\\/gamblerina.org\\\/de\\\/anmeldung-und-registrierung\\\/\"]}]},{\"@type\":\"BreadcrumbList\",\"@id\":\"https:\\\/\\\/gamblerina.org\\\/de\\\/anmeldung-und-registrierung\\\/#breadcrumb\",\"itemListElement\":[{\"@type\":\"ListItem\",\"position\":1,\"name\":\"Gamblerina\",\"item\":\"https:\\\/\\\/gamblerina.org\\\/de\\\/\"},{\"@type\":\"ListItem\",\"position\":2,\"name\":\"Anmeldung und Registrierung\"}]},{\"@type\":\"WebSite\",\"@id\":\"https:\\\/\\\/gamblerina.org\\\/de\\\/#website\",\"url\":\"https:\\\/\\\/gamblerina.org\\\/de\\\/\",\"name\":\"Gamblerina\",\"description\":\"\",\"publisher\":{\"@id\":\"https:\\\/\\\/gamblerina.org\\\/de\\\/#organization\"},\"potentialAction\":[{\"@type\":\"SearchAction\",\"target\":{\"@type\":\"EntryPoint\",\"urlTemplate\":\"https:\\\/\\\/gamblerina.org\\\/de\\\/?s={search_term_string}\"},\"query-input\":{\"@type\":\"PropertyValueSpecification\",\"valueRequired\":true,\"valueName\":\"search_term_string\"}}],\"inLanguage\":\"de\"},{\"@type\":\"Organization\",\"@id\":\"https:\\\/\\\/gamblerina.org\\\/de\\\/#organization\",\"name\":\"Gamblerina\",\"url\":\"https:\\\/\\\/gamblerina.org\\\/de\\\/\",\"logo\":{\"@type\":\"ImageObject\",\"inLanguage\":\"de\",\"@id\":\"https:\\\/\\\/gamblerina.org\\\/de\\\/#\\\/schema\\\/logo\\\/image\\\/\",\"url\":\"https:\\\/\\\/gamblerina.org\\\/wp-content\\\/uploads\\\/2026\\\/04\\\/Gamblerina-logo.png\",\"contentUrl\":\"https:\\\/\\\/gamblerina.org\\\/wp-content\\\/uploads\\\/2026\\\/04\\\/Gamblerina-logo.png\",\"width\":196,\"height\":40,\"caption\":\"Gamblerina\"},\"image\":{\"@id\":\"https:\\\/\\\/gamblerina.org\\\/de\\\/#\\\/schema\\\/logo\\\/image\\\/\"}}]}<\/script>\n<!-- \/ Yoast SEO plugin. -->","yoast_head_json":{"title":"Gamblerina Casino Login \u2013 Schnelle Registrierung und sicheres Konto","description":"Gamblerina Casino Login \u2013 starte in unter einer Minute mit blitzschneller Registrierung oder melde dich mit Verschl\u00fcsselung auf Milit\u00e4rniveau an. Verwalte dein Guthaben, verfolge Bonusfortschritte und passe Kontoeinstellungen m\u00fchelos bei Gamble Rina an.","robots":{"index":"index","follow":"follow","max-snippet":"max-snippet:-1","max-image-preview":"max-image-preview:large","max-video-preview":"max-video-preview:-1"},"canonical":"https:\/\/gamblerina.org\/de\/anmeldung-und-registrierung\/","og_locale":"de_DE","og_type":"article","og_title":"Gamblerina Casino Login \u2013 Schnelle Registrierung und sicheres Konto","og_description":"Gamblerina Casino Login \u2013 starte in unter einer Minute mit blitzschneller Registrierung oder melde dich mit Verschl\u00fcsselung auf Milit\u00e4rniveau an. Verwalte dein Guthaben, verfolge Bonusfortschritte und passe Kontoeinstellungen m\u00fchelos bei Gamble Rina an.","og_url":"https:\/\/gamblerina.org\/de\/anmeldung-und-registrierung\/","og_site_name":"Gamblerina","article_modified_time":"2026-04-17T12:46:32+00:00","twitter_card":"summary_large_image","twitter_misc":{"Gesch\u00e4tzte Lesezeit":"1\u00a0Minute"},"schema":{"@context":"https:\/\/schema.org","@graph":[{"@type":"WebPage","@id":"https:\/\/gamblerina.org\/de\/anmeldung-und-registrierung\/","url":"https:\/\/gamblerina.org\/de\/anmeldung-und-registrierung\/","name":"Gamblerina Casino Login \u2013 Schnelle Registrierung und sicheres Konto","isPartOf":{"@id":"https:\/\/gamblerina.org\/de\/#website"},"datePublished":"2026-04-17T12:02:01+00:00","dateModified":"2026-04-17T12:46:32+00:00","description":"Gamblerina Casino Login \u2013 starte in unter einer Minute mit blitzschneller Registrierung oder melde dich mit Verschl\u00fcsselung auf Milit\u00e4rniveau an. Verwalte dein Guthaben, verfolge Bonusfortschritte und passe Kontoeinstellungen m\u00fchelos bei Gamble Rina an.","breadcrumb":{"@id":"https:\/\/gamblerina.org\/de\/anmeldung-und-registrierung\/#breadcrumb"},"inLanguage":"de","potentialAction":[{"@type":"ReadAction","target":["https:\/\/gamblerina.org\/de\/anmeldung-und-registrierung\/"]}]},{"@type":"BreadcrumbList","@id":"https:\/\/gamblerina.org\/de\/anmeldung-und-registrierung\/#breadcrumb","itemListElement":[{"@type":"ListItem","position":1,"name":"Gamblerina","item":"https:\/\/gamblerina.org\/de\/"},{"@type":"ListItem","position":2,"name":"Anmeldung und Registrierung"}]},{"@type":"WebSite","@id":"https:\/\/gamblerina.org\/de\/#website","url":"https:\/\/gamblerina.org\/de\/","name":"Gamblerina","description":"","publisher":{"@id":"https:\/\/gamblerina.org\/de\/#organization"},"potentialAction":[{"@type":"SearchAction","target":{"@type":"EntryPoint","urlTemplate":"https:\/\/gamblerina.org\/de\/?s={search_term_string}"},"query-input":{"@type":"PropertyValueSpecification","valueRequired":true,"valueName":"search_term_string"}}],"inLanguage":"de"},{"@type":"Organization","@id":"https:\/\/gamblerina.org\/de\/#organization","name":"Gamblerina","url":"https:\/\/gamblerina.org\/de\/","logo":{"@type":"ImageObject","inLanguage":"de","@id":"https:\/\/gamblerina.org\/de\/#\/schema\/logo\/image\/","url":"https:\/\/gamblerina.org\/wp-content\/uploads\/2026\/04\/Gamblerina-logo.png","contentUrl":"https:\/\/gamblerina.org\/wp-content\/uploads\/2026\/04\/Gamblerina-logo.png","width":196,"height":40,"caption":"Gamblerina"},"image":{"@id":"https:\/\/gamblerina.org\/de\/#\/schema\/logo\/image\/"}}]}},"_links":{"self":[{"href":"https:\/\/gamblerina.org\/de\/wp-json\/wp\/v2\/pages\/1310","targetHints":{"allow":["GET"]}}],"collection":[{"href":"https:\/\/gamblerina.org\/de\/wp-json\/wp\/v2\/pages"}],"about":[{"href":"https:\/\/gamblerina.org\/de\/wp-json\/wp\/v2\/types\/page"}],"author":[{"embeddable":true,"href":"https:\/\/gamblerina.org\/de\/wp-json\/wp\/v2\/users\/21"}],"replies":[{"embeddable":true,"href":"https:\/\/gamblerina.org\/de\/wp-json\/wp\/v2\/comments?post=1310"}],"version-history":[{"count":2,"href":"https:\/\/gamblerina.org\/de\/wp-json\/wp\/v2\/pages\/1310\/revisions"}],"predecessor-version":[{"id":1332,"href":"https:\/\/gamblerina.org\/de\/wp-json\/wp\/v2\/pages\/1310\/revisions\/1332"}],"wp:attachment":[{"href":"https:\/\/gamblerina.org\/de\/wp-json\/wp\/v2\/media?parent=1310"}],"curies":[{"name":"wp","href":"https:\/\/api.w.org\/{rel}","templated":true}]}}