{"id":1260,"date":"2026-04-17T12:58:34","date_gmt":"2026-04-17T11:58:34","guid":{"rendered":"https:\/\/gamblerina.org\/app\/"},"modified":"2026-04-20T09:28:42","modified_gmt":"2026-04-20T08:28:42","slug":"app","status":"publish","type":"page","link":"https:\/\/gamblerina.org\/fr\/app\/","title":{"rendered":"App"},"content":{"rendered":"<h1>Plateforme mobile Gamblerina<\/h1>\n<p>Gamblerina App offre le m\u00eame espace de casino que le site web, mais en plus compact et plus facile d&rsquo;acc\u00e8s. Il vous suffit d&rsquo;ajouter un raccourci, et c&rsquo;est tout. Elle fonctionne parfaitement sur la plupart des t\u00e9l\u00e9phones et tablettes, les jeux se chargent de mani\u00e8re fluide, la navigation est intuitive et passer d&rsquo;une section \u00e0 l&rsquo;autre est tr\u00e8s naturel.<\/p>\n<div class=\"banner-wrap\" aria-label=\"Banner\"><img src=\"https:\/\/gamblerina.org\/wp-content\/uploads\/2026\/04\/Gamblerina-banner-carousel-800\u0445400.webp\" class=\"w-100 d-none d-lg-block img-pc main-banner-img\" alt=\"Gamblerina banner carousel\" fetchpriority=\"high\" decoding=\"async\"><img src=\"https:\/\/gamblerina.org\/wp-content\/uploads\/2026\/04\/gamblerina-banner-mobile.webp\" class=\"w-100 d-none d-md-block d-lg-none main-banner-img\" alt=\"gamblerina banner mobile\" fetchpriority=\"high\" decoding=\"async\"><img src=\"https:\/\/gamblerina.org\/wp-content\/uploads\/2026\/04\/gamblerina-banner-mobile.webp\" class=\"w-100 d-md-none\" alt=\"gamblerina banner mobile\" fetchpriority=\"high\" decoding=\"async\"><div class=\"banner-description\">\n<div class=\"banner-title\">Bonus de bienvenue<\/div>\n<p class=\"banner-header-title\">1500 \u20ac<\/p>\n<div class=\"banner-header-AdditionalText\">+ 250 Tours gratuits<\/div>\n<button data-item=\"homepage_banner_link\" class=\"goto m-button m-gradient-border m-button--primary m-button--large banner-button btn-orange\">\n            <div class=\"m-button-content\">\n                <span>Inscrivez-vous d\u00e8s maintenant<\/span>\n                <span><\/span>\n            <\/div>\n        <\/button>\n<\/div>\n<div class=\"WelcomePack\">\n<p><img loading=\"lazy\" decoding=\"async\" class=\"alignnone size-full wp-image-1362\" src=\"https:\/\/gamblerina.org\/wp-content\/uploads\/2026\/04\/welcome-crown-1.png\" alt=\"welcome-crown\" width=\"25\" height=\"26\" \/><\/p>\n<div class=\"WelcomePack-Info\">Cashback hebdomadaire jusqu&rsquo;\u00e0 25 %<\/div>\n<p><img loading=\"lazy\" decoding=\"async\" class=\"alignnone size-full wp-image-1362\" src=\"https:\/\/gamblerina.org\/wp-content\/uploads\/2026\/04\/welcome-crown-1.png\" alt=\"welcome-crown\" width=\"25\" height=\"26\" \/><\/p>\n<\/div>\n<\/div>\n<h2>Fonctionnalit\u00e9s de l&rsquo;application Gamblerina<\/h2>\n<p>L&rsquo;application Gamblerina Casino a \u00e9t\u00e9 con\u00e7ue pour offrir l&rsquo;int\u00e9gralit\u00e9 du casino. Tout ce que vous faites sur un ordinateur de bureau fonctionne de la m\u00eame mani\u00e8re sur mobile. Le passage d&rsquo;une section \u00e0 l&rsquo;autre peut sembler plus rapide dans l&rsquo;application que dans un navigateur, principalement parce que nous avons con\u00e7u la mise en page de A \u00e0 Z pour une navigation tactile. D\u00e9p\u00f4ts, retraits et processus de v\u00e9rification : tout se fait depuis l&rsquo;application sans redirection ni restriction.<\/p>\n<table>\n<tbody>\n<tr>\n<td>Fonctionnalit\u00e9<\/td>\n<td>Fonctionnalit\u00e9<\/td>\n<td>D\u00e9tails<\/td>\n<\/tr>\n<tr>\n<td>Acc\u00e8s complet au compte<\/td>\n<td>Les d\u00e9p\u00f4ts, les retraits et la v\u00e9rification s&rsquo;effectuent enti\u00e8rement via le casino mobile<\/td>\n<td>Votre t\u00e9l\u00e9phone s&rsquo;occupe de tout, et vous n&rsquo;avez pas besoin de revenir sur votre ordinateur<\/td>\n<\/tr>\n<tr>\n<td>Mises \u00e0 jour en arri\u00e8re-plan<\/td>\n<td>L&rsquo;application Gamblerina se met \u00e0 jour via le navigateur sans aucune intervention de votre part<\/td>\n<td>Il n&rsquo;y a absolument aucun t\u00e9l\u00e9chargement manuel<\/td>\n<\/tr>\n<tr>\n<td>Lancement depuis l&rsquo;\u00e9cran d&rsquo;accueil<\/td>\n<td>Un simple clic sur l&rsquo;ic\u00f4ne de votre \u00e9cran d&rsquo;accueil ouvre directement le casino<\/td>\n<td>C&rsquo;est bien plus rapide que d&rsquo;aller sur le navigateur \u00e0 chaque fois<\/td>\n<\/tr>\n<tr>\n<td>Commandes repens\u00e9es pour les \u00e9crans tactiles<\/td>\n<td>Les boutons et les menus ont \u00e9t\u00e9 repens\u00e9s pour une utilisation tactile<\/td>\n<td>La mise en page offre suffisamment d&rsquo;espace pour tout<\/td>\n<\/tr>\n<\/tbody>\n<\/table>\n<h3>Navigateurs pris en charge<\/h3>\n<p>Vous n&rsquo;avez besoin d&rsquo;aucun logiciel particulier pour ouvrir Gamble Rina. Un navigateur standard suffit \u2013 celui que vous utilisez d\u00e9j\u00e0 tous les jours. Il fonctionne parfaitement avec toutes les options courantes :<\/p>\n<ul>\n<li>Google Chrome<\/li>\n<li>Opera<\/li>\n<li>Safari<\/li>\n<li>Microsoft Edge<\/li>\n<li>Mozilla Firefox<\/li>\n<\/ul>\n<p>Si votre navigateur est \u00e0 jour, tout fonctionne comme pr\u00e9vu. L&rsquo;exp\u00e9rience de jeu reste fluide et toutes les fonctionnalit\u00e9s sont disponibles.<\/p>\n<p><div class=\"scrollable-content-wrap my-5\"><div class=\"scrollable-content-inner\"><h2>Application Gamblerina Casino pour Android<\/h2>\n<p>La version Android de Gamblerina fonctionne sur les t\u00e9l\u00e9phones et les tablettes, quelle que soit la taille de l&rsquo;\u00e9cran, et sur la plupart des versions de syst\u00e8me d&rsquo;exploitation sorties ces derni\u00e8res ann\u00e9es. La biblioth\u00e8que compl\u00e8te de jeux est disponible, toutes les fonctionnalit\u00e9s du compte fonctionnent et l&rsquo;interface s&rsquo;adapte \u00e0 n&rsquo;importe quel \u00e9cran sans que vous ayez \u00e0 modifier les param\u00e8tres.<\/p>\n<h3>Fonctionnement de l&rsquo;application web progressive<\/h3>\n<p>Gamble Rina fonctionne comme une application web progressive. L&rsquo;application r\u00e9side dans votre navigateur et s&rsquo;\u00e9pingle sur votre \u00e9cran d&rsquo;accueil, o\u00f9 elle ressemble et se comporte comme n&rsquo;importe quelle autre ic\u00f4ne d&rsquo;application que vous y avez.<\/p>\n<p>Chaque fois que vous l&rsquo;ouvrez, l&rsquo;application Gamblerina t\u00e9l\u00e9charge automatiquement la derni\u00e8re version. Il n&rsquo;y a pas de notification de mise \u00e0 jour \u00e0 ignorer, elle reste \u00e0 jour d&rsquo;elle-m\u00eame. L&rsquo;utilisation de la m\u00e9moire reste faible car il n&rsquo;y a pas de package install\u00e9 \u00e0 g\u00e9rer, et la connexion est crypt\u00e9e tout au long de chaque session.<\/p>\n<p>L&rsquo;ajouter \u00e0 votre \u00e9cran d&rsquo;accueil prend environ dix secondes. Ouvrez le site web du casino Gamblerina dans votre navigateur Android, appuyez sur \u00ab Ajouter \u00e0 l&rsquo;\u00e9cran d&rsquo;accueil \u00bb, et l&rsquo;ic\u00f4ne appara\u00eet. C&rsquo;est tout.<\/p>\n<table>\n<tbody>\n<tr>\n<td>Quels sont les changements<\/td>\n<td>PWA<\/td>\n<td>T\u00e9l\u00e9chargement de l&rsquo;APK Gamblerina<\/td>\n<\/tr>\n<tr>\n<td>O\u00f9 la trouver<\/td>\n<td>Directement depuis le site web de Gamblerina Casino<\/td>\n<td>Source tierce<\/td>\n<\/tr>\n<tr>\n<td>Espace de stockage utilis\u00e9<\/td>\n<td>Minimale<\/td>\n<td>Occupe de l&rsquo;espace de stockage sur l&rsquo;appareil de mani\u00e8re permanente<\/td>\n<\/tr>\n<tr>\n<td>Mises \u00e0 jour<\/td>\n<td>Elles s&rsquo;effectuent automatiquement \u00e0 chaque lancement<\/td>\n<td>T\u00e9l\u00e9chargement manuel requis pour chaque version<\/td>\n<\/tr>\n<tr>\n<td>S\u00e9curit\u00e9<\/td>\n<td>Connexion au navigateur crypt\u00e9e tout au long du processus<\/td>\n<td>D\u00e9pend enti\u00e8rement de la source du fichier<\/td>\n<\/tr>\n<tr>\n<td>Notifications push<\/td>\n<td>Prise en charge<\/td>\n<td>Prise en charge<\/td>\n<\/tr>\n<tr>\n<td>Temps d&rsquo;installation<\/td>\n<td>Moins d&rsquo;une minute<\/td>\n<td>Plus long, avec des demandes d&rsquo;autorisation<\/td>\n<\/tr>\n<\/tbody>\n<\/table>\n<h2><img loading=\"lazy\" decoding=\"async\" src=\"https:\/\/gamblerina.org\/wp-content\/uploads\/2026\/04\/Gamblerina-Android-App.webp\" alt=\"Gamblerina Android App\" width=\"1248\" height=\"536\" \/><\/h2>\n<\/div><\/div><div style=\"clear: both\"><\/div><div class=\"d-flex justify-content-center\"><button data-item=\"decouvrez_link\" data-group=\"website_links\" class=\"goto fw-bold rounded-pill btn btn-orange\" aria-label=\"T\u00e9l\u00e9chargez l&#039;application Gamblerina\" >T\u00e9l\u00e9chargez l&#039;application Gamblerina<\/button><\/div><div class=\"scrollable-content-wrap my-5\"><div class=\"scrollable-content-inner\"><h2>Application Gamblerina \u2013 iOS<\/h2>\n<p>L&rsquo;utilisation de l&rsquo;application Gamblerina sur un iPhone ou un iPad semble assez intuitive d\u00e8s la premi\u00e8re utilisation. Il suffit d&rsquo;ajouter un raccourci. Un simple clic, et vous \u00eates de retour dans votre compte. La mise en page s&rsquo;adapte parfaitement aux appareils iOS, et les commandes r\u00e9agissent comme pr\u00e9vu. Les \u00e9tapes d&rsquo;installation sont indiqu\u00e9es ci-dessous.<\/p>\n<ul>\n<li>L&rsquo;ic\u00f4ne \u00ab Partager \u00bb en bas de l&rsquo;\u00e9cran du site web Gamblerina donne acc\u00e8s \u00e0 des options suppl\u00e9mentaires.<\/li>\n<li>Parmi celles-ci, \u00ab Ajouter \u00e0 l&rsquo;\u00e9cran d&rsquo;accueil \u00bb place le raccourci directement sur votre appareil.<\/li>\n<li>Ensuite, l&rsquo;ic\u00f4ne reste sur votre \u00e9cran, pr\u00eate \u00e0 ouvrir le casino d&rsquo;un simple clic.<\/li>\n<\/ul>\n<p><img loading=\"lazy\" decoding=\"async\" src=\"https:\/\/gamblerina.org\/wp-content\/uploads\/2026\/04\/Gamblerina-iOS-App.webp\" alt=\"Gamblerina iOS App\" width=\"1248\" height=\"536\" \/><\/p>\n<\/div><\/div><div style=\"clear: both\"><\/div><div class=\"d-flex justify-content-center\"><button data-item=\"decouvrez_link\" data-group=\"website_links\" class=\"goto fw-bold rounded-pill btn btn-orange\" aria-label=\"T\u00e9l\u00e9chargez l&#039;application Gamblerina\" >T\u00e9l\u00e9chargez l&#039;application Gamblerina<\/button><\/div><div class=\"scrollable-content-wrap my-5\"><div class=\"scrollable-content-inner\"><h2>Gamblerina Casino \u2013 Version pour ordinateur<\/h2>\n<p>Gamblerina semble un peu plus spacieuse sur un ordinateur. Ouvrez-la dans votre navigateur, et tout y sera. La plateforme compl\u00e8te est disponible, y compris l\u2019int\u00e9gralit\u00e9 de la biblioth\u00e8que de jeux, donc rien ne manque et rien n\u2019est simplifi\u00e9.<\/p>\n<p>Toutes les actions habituelles sont \u00e9galement disponibles. Vous pouvez terminer le processus de v\u00e9rification et g\u00e9rer les demandes de retrait depuis la m\u00eame interface, sans changer d&rsquo;appareil. Certaines personnes choisissent de cr\u00e9er un raccourci sur leur bureau. Apr\u00e8s cela, il suffit d&rsquo;un clic pour ouvrir l&rsquo;application Gamblerina.<\/p>\n<p><img loading=\"lazy\" decoding=\"async\" src=\"https:\/\/gamblerina.org\/wp-content\/uploads\/2026\/04\/Gamblerina-Desktop.webp\" alt=\"Gamblerina Desktop\" width=\"1248\" height=\"536\" \/><\/p>\n<\/div><\/div><div style=\"clear: both\"><\/div><div class=\"d-flex justify-content-center\"><button data-item=\"decouvrez_link\" data-group=\"website_links\" class=\"goto fw-bold rounded-pill btn btn-orange\" aria-label=\"T\u00e9l\u00e9chargez l&#039;application Gamblerina\" >T\u00e9l\u00e9chargez l&#039;application Gamblerina<\/button><\/div><div class=\"scrollable-content-wrap my-5\"><div class=\"scrollable-content-inner\"><h2>FAQ<\/h2>\n<h3>Que dois-je faire si l&rsquo;application plante ou ne se charge pas correctement ?<\/h3>\n<p>Une connexion instable peut entra\u00eener des probl\u00e8mes ; il est donc souvent utile de la v\u00e9rifier. Parfois, il suffit simplement d&rsquo;actualiser la page ou de relancer l&rsquo;application Gamblerina. Vider le cache du navigateur peut \u00e9galement r\u00e9soudre de petits dysfonctionnements. Si le probl\u00e8me persiste, l&rsquo;\u00e9quipe d&rsquo;assistance est disponible via le chat en direct ou par e-mail et pourra examiner la situation de plus pr\u00e8s.<\/p>\n<h3>Puis-je utiliser Gamblerina Casino sur ma tablette ?<\/h3>\n<p>Oui, et l&rsquo;exp\u00e9rience est tr\u00e8s agr\u00e9able sur un \u00e9cran plus grand. La mise en page s&rsquo;adapte automatiquement, de sorte que les jeux, les menus, les boutons et les param\u00e8tres ne semblent pas \u00e9tir\u00e9s ou mal plac\u00e9s. Les machines \u00e0 sous en ligne, les tables en direct, les promotions et les jeux crash sont tous disponibles, avec simplement un peu plus d&rsquo;espace pour naviguer. Le processus d&rsquo;installation reste le m\u00eame, donc si vous l&rsquo;avez d\u00e9j\u00e0 utilis\u00e9 sur un t\u00e9l\u00e9phone, vous vous sentirez tout de suite \u00e0 l&rsquo;aise.<\/p>\n<h3>Comment mettre \u00e0 jour l&rsquo;application vers la derni\u00e8re version ?<\/h3>\n<p>Il n&rsquo;y a rien \u00e0 mettre \u00e0 jour au sens habituel du terme. L&rsquo;application Gamble Rina Casino fonctionne via votre navigateur, elle ne d\u00e9pend donc pas de mises \u00e0 jour manuelles ni de versions en magasin. Lorsque vous l&rsquo;ouvrez, vous utilisez d\u00e9j\u00e0 la version actuelle. Si quelque chose semble ne pas fonctionner correctement, un simple rafra\u00eechissement ou une r\u00e9ouverture de l&rsquo;application suffit pour que tout revienne \u00e0 la normale.<\/p>\n<\/div><\/div><\/p>\n","protected":false},"excerpt":{"rendered":"<p>Plateforme mobile Gamblerina Gamblerina App offre le m\u00eame espace de casino que le site web, mais en plus compact et plus facile d&rsquo;acc\u00e8s. Il vous suffit d&rsquo;ajouter un raccourci, et c&rsquo;est tout. Elle fonctionne parfaitement sur la plupart des t\u00e9l\u00e9phones et tablettes, les jeux se chargent de mani\u00e8re fluide, la navigation est intuitive et passer [&hellip;]<\/p>\n","protected":false},"author":21,"featured_media":0,"parent":0,"menu_order":0,"comment_status":"closed","ping_status":"closed","template":"template-builder.php","meta":{"_acf_changed":false,"inline_featured_image":false,"footnotes":""},"class_list":["post-1260","page","type-page","status-publish","hentry"],"acf":[],"yoast_head":"<!-- This site is optimized with the Yoast SEO plugin v27.3 - https:\/\/yoast.com\/product\/yoast-seo-wordpress\/ -->\n<title>Gamblerina App | Casino Mobile Android &amp; iOS<\/title>\n<meta name=\"description\" content=\"Gamblerina App \u2013 t\u00e9l\u00e9chargez l&#039;application officielle du casino mobile pour Android et iOS et emportez l&#039;excitation partout avec vous. Profitez de d\u00e9p\u00f4ts instantan\u00e9s, notifications de jeux en direct et r\u00e9compenses exclusives r\u00e9serv\u00e9es au mobile chez Gamble Rina.\" \/>\n<meta name=\"robots\" content=\"index, follow, max-snippet:-1, max-image-preview:large, max-video-preview:-1\" \/>\n<link rel=\"canonical\" href=\"https:\/\/gamblerina.org\/fr\/app\/\" \/>\n<meta property=\"og:locale\" content=\"fr_FR\" \/>\n<meta property=\"og:type\" content=\"article\" \/>\n<meta property=\"og:title\" content=\"Gamblerina App | Casino Mobile Android &amp; iOS\" \/>\n<meta property=\"og:description\" content=\"Gamblerina App \u2013 t\u00e9l\u00e9chargez l&#039;application officielle du casino mobile pour Android et iOS et emportez l&#039;excitation partout avec vous. Profitez de d\u00e9p\u00f4ts instantan\u00e9s, notifications de jeux en direct et r\u00e9compenses exclusives r\u00e9serv\u00e9es au mobile chez Gamble Rina.\" \/>\n<meta property=\"og:url\" content=\"https:\/\/gamblerina.org\/fr\/app\/\" \/>\n<meta property=\"og:site_name\" content=\"Gamblerina\" \/>\n<meta property=\"article:modified_time\" content=\"2026-04-20T08:28:42+00:00\" \/>\n<meta name=\"twitter:card\" content=\"summary_large_image\" \/>\n<meta name=\"twitter:label1\" content=\"Dur\u00e9e de lecture estim\u00e9e\" \/>\n\t<meta name=\"twitter:data1\" content=\"2 minutes\" \/>\n<script type=\"application\/ld+json\" class=\"yoast-schema-graph\">{\"@context\":\"https:\\\/\\\/schema.org\",\"@graph\":[{\"@type\":\"WebPage\",\"@id\":\"https:\\\/\\\/gamblerina.org\\\/fr\\\/app\\\/\",\"url\":\"https:\\\/\\\/gamblerina.org\\\/fr\\\/app\\\/\",\"name\":\"Gamblerina App | Casino Mobile Android & iOS\",\"isPartOf\":{\"@id\":\"https:\\\/\\\/gamblerina.org\\\/fr\\\/#website\"},\"datePublished\":\"2026-04-17T11:58:34+00:00\",\"dateModified\":\"2026-04-20T08:28:42+00:00\",\"description\":\"Gamblerina App \u2013 t\u00e9l\u00e9chargez l'application officielle du casino mobile pour Android et iOS et emportez l'excitation partout avec vous. Profitez de d\u00e9p\u00f4ts instantan\u00e9s, notifications de jeux en direct et r\u00e9compenses exclusives r\u00e9serv\u00e9es au mobile chez Gamble Rina.\",\"breadcrumb\":{\"@id\":\"https:\\\/\\\/gamblerina.org\\\/fr\\\/app\\\/#breadcrumb\"},\"inLanguage\":\"fr-FR\",\"potentialAction\":[{\"@type\":\"ReadAction\",\"target\":[\"https:\\\/\\\/gamblerina.org\\\/fr\\\/app\\\/\"]}]},{\"@type\":\"BreadcrumbList\",\"@id\":\"https:\\\/\\\/gamblerina.org\\\/fr\\\/app\\\/#breadcrumb\",\"itemListElement\":[{\"@type\":\"ListItem\",\"position\":1,\"name\":\"Gamblerina\",\"item\":\"https:\\\/\\\/gamblerina.org\\\/fr\\\/\"},{\"@type\":\"ListItem\",\"position\":2,\"name\":\"App\"}]},{\"@type\":\"WebSite\",\"@id\":\"https:\\\/\\\/gamblerina.org\\\/fr\\\/#website\",\"url\":\"https:\\\/\\\/gamblerina.org\\\/fr\\\/\",\"name\":\"Gamblerina\",\"description\":\"\",\"publisher\":{\"@id\":\"https:\\\/\\\/gamblerina.org\\\/fr\\\/#organization\"},\"potentialAction\":[{\"@type\":\"SearchAction\",\"target\":{\"@type\":\"EntryPoint\",\"urlTemplate\":\"https:\\\/\\\/gamblerina.org\\\/fr\\\/?s={search_term_string}\"},\"query-input\":{\"@type\":\"PropertyValueSpecification\",\"valueRequired\":true,\"valueName\":\"search_term_string\"}}],\"inLanguage\":\"fr-FR\"},{\"@type\":\"Organization\",\"@id\":\"https:\\\/\\\/gamblerina.org\\\/fr\\\/#organization\",\"name\":\"Gamblerina\",\"url\":\"https:\\\/\\\/gamblerina.org\\\/fr\\\/\",\"logo\":{\"@type\":\"ImageObject\",\"inLanguage\":\"fr-FR\",\"@id\":\"https:\\\/\\\/gamblerina.org\\\/fr\\\/#\\\/schema\\\/logo\\\/image\\\/\",\"url\":\"https:\\\/\\\/gamblerina.org\\\/wp-content\\\/uploads\\\/2026\\\/04\\\/Gamblerina-logo.png\",\"contentUrl\":\"https:\\\/\\\/gamblerina.org\\\/wp-content\\\/uploads\\\/2026\\\/04\\\/Gamblerina-logo.png\",\"width\":196,\"height\":40,\"caption\":\"Gamblerina\"},\"image\":{\"@id\":\"https:\\\/\\\/gamblerina.org\\\/fr\\\/#\\\/schema\\\/logo\\\/image\\\/\"}}]}<\/script>\n<!-- \/ Yoast SEO plugin. -->","yoast_head_json":{"title":"Gamblerina App | Casino Mobile Android & iOS","description":"Gamblerina App \u2013 t\u00e9l\u00e9chargez l'application officielle du casino mobile pour Android et iOS et emportez l'excitation partout avec vous. Profitez de d\u00e9p\u00f4ts instantan\u00e9s, notifications de jeux en direct et r\u00e9compenses exclusives r\u00e9serv\u00e9es au mobile chez Gamble Rina.","robots":{"index":"index","follow":"follow","max-snippet":"max-snippet:-1","max-image-preview":"max-image-preview:large","max-video-preview":"max-video-preview:-1"},"canonical":"https:\/\/gamblerina.org\/fr\/app\/","og_locale":"fr_FR","og_type":"article","og_title":"Gamblerina App | Casino Mobile Android & iOS","og_description":"Gamblerina App \u2013 t\u00e9l\u00e9chargez l'application officielle du casino mobile pour Android et iOS et emportez l'excitation partout avec vous. Profitez de d\u00e9p\u00f4ts instantan\u00e9s, notifications de jeux en direct et r\u00e9compenses exclusives r\u00e9serv\u00e9es au mobile chez Gamble Rina.","og_url":"https:\/\/gamblerina.org\/fr\/app\/","og_site_name":"Gamblerina","article_modified_time":"2026-04-20T08:28:42+00:00","twitter_card":"summary_large_image","twitter_misc":{"Dur\u00e9e de lecture estim\u00e9e":"2 minutes"},"schema":{"@context":"https:\/\/schema.org","@graph":[{"@type":"WebPage","@id":"https:\/\/gamblerina.org\/fr\/app\/","url":"https:\/\/gamblerina.org\/fr\/app\/","name":"Gamblerina App | Casino Mobile Android & iOS","isPartOf":{"@id":"https:\/\/gamblerina.org\/fr\/#website"},"datePublished":"2026-04-17T11:58:34+00:00","dateModified":"2026-04-20T08:28:42+00:00","description":"Gamblerina App \u2013 t\u00e9l\u00e9chargez l'application officielle du casino mobile pour Android et iOS et emportez l'excitation partout avec vous. Profitez de d\u00e9p\u00f4ts instantan\u00e9s, notifications de jeux en direct et r\u00e9compenses exclusives r\u00e9serv\u00e9es au mobile chez Gamble Rina.","breadcrumb":{"@id":"https:\/\/gamblerina.org\/fr\/app\/#breadcrumb"},"inLanguage":"fr-FR","potentialAction":[{"@type":"ReadAction","target":["https:\/\/gamblerina.org\/fr\/app\/"]}]},{"@type":"BreadcrumbList","@id":"https:\/\/gamblerina.org\/fr\/app\/#breadcrumb","itemListElement":[{"@type":"ListItem","position":1,"name":"Gamblerina","item":"https:\/\/gamblerina.org\/fr\/"},{"@type":"ListItem","position":2,"name":"App"}]},{"@type":"WebSite","@id":"https:\/\/gamblerina.org\/fr\/#website","url":"https:\/\/gamblerina.org\/fr\/","name":"Gamblerina","description":"","publisher":{"@id":"https:\/\/gamblerina.org\/fr\/#organization"},"potentialAction":[{"@type":"SearchAction","target":{"@type":"EntryPoint","urlTemplate":"https:\/\/gamblerina.org\/fr\/?s={search_term_string}"},"query-input":{"@type":"PropertyValueSpecification","valueRequired":true,"valueName":"search_term_string"}}],"inLanguage":"fr-FR"},{"@type":"Organization","@id":"https:\/\/gamblerina.org\/fr\/#organization","name":"Gamblerina","url":"https:\/\/gamblerina.org\/fr\/","logo":{"@type":"ImageObject","inLanguage":"fr-FR","@id":"https:\/\/gamblerina.org\/fr\/#\/schema\/logo\/image\/","url":"https:\/\/gamblerina.org\/wp-content\/uploads\/2026\/04\/Gamblerina-logo.png","contentUrl":"https:\/\/gamblerina.org\/wp-content\/uploads\/2026\/04\/Gamblerina-logo.png","width":196,"height":40,"caption":"Gamblerina"},"image":{"@id":"https:\/\/gamblerina.org\/fr\/#\/schema\/logo\/image\/"}}]}},"_links":{"self":[{"href":"https:\/\/gamblerina.org\/fr\/wp-json\/wp\/v2\/pages\/1260","targetHints":{"allow":["GET"]}}],"collection":[{"href":"https:\/\/gamblerina.org\/fr\/wp-json\/wp\/v2\/pages"}],"about":[{"href":"https:\/\/gamblerina.org\/fr\/wp-json\/wp\/v2\/types\/page"}],"author":[{"embeddable":true,"href":"https:\/\/gamblerina.org\/fr\/wp-json\/wp\/v2\/users\/21"}],"replies":[{"embeddable":true,"href":"https:\/\/gamblerina.org\/fr\/wp-json\/wp\/v2\/comments?post=1260"}],"version-history":[{"count":2,"href":"https:\/\/gamblerina.org\/fr\/wp-json\/wp\/v2\/pages\/1260\/revisions"}],"predecessor-version":[{"id":1516,"href":"https:\/\/gamblerina.org\/fr\/wp-json\/wp\/v2\/pages\/1260\/revisions\/1516"}],"wp:attachment":[{"href":"https:\/\/gamblerina.org\/fr\/wp-json\/wp\/v2\/media?parent=1260"}],"curies":[{"name":"wp","href":"https:\/\/api.w.org\/{rel}","templated":true}]}}