{"id":1265,"date":"2026-04-17T12:58:34","date_gmt":"2026-04-17T11:58:34","guid":{"rendered":"https:\/\/gamblerina.org\/app\/"},"modified":"2026-04-20T10:38:38","modified_gmt":"2026-04-20T09:38:38","slug":"applicazione","status":"publish","type":"page","link":"https:\/\/gamblerina.org\/it\/applicazione\/","title":{"rendered":"Applicazione"},"content":{"rendered":"<h1>Gamblerina Mobile Platform<\/h1>\n<p>The Gamblerina app is the same casino space as on the website, just smaller and easier to reach. You have to add a shortcut, and that\u2019s enough. It runs smoothly on most phones and tablets, games load consistently, navigation doesn\u2019t get in the way, and moving between sections feels natural.<\/p>\n<div class=\"banner-wrap\" aria-label=\"Banner\"><img src=\"https:\/\/gamblerina.org\/wp-content\/uploads\/2026\/04\/Gamblerina-banner-carousel-800\u0445400.webp\" class=\"w-100 d-none d-lg-block img-pc main-banner-img\" alt=\"Gamblerina banner carousel\" fetchpriority=\"high\" decoding=\"async\"><img src=\"https:\/\/gamblerina.org\/wp-content\/uploads\/2026\/04\/gamblerina-banner-mobile.webp\" class=\"w-100 d-none d-md-block d-lg-none main-banner-img\" alt=\"gamblerina banner mobile\" fetchpriority=\"high\" decoding=\"async\"><img src=\"https:\/\/gamblerina.org\/wp-content\/uploads\/2026\/04\/gamblerina-banner-mobile.webp\" class=\"w-100 d-md-none\" alt=\"gamblerina banner mobile\" fetchpriority=\"high\" decoding=\"async\"><div class=\"banner-description\">\n<div class=\"banner-title\">Bonus di benvenuto<\/div>\n<p class=\"banner-header-title\">1500 \u20ac<\/p>\n<div class=\"banner-header-AdditionalText\">+ 250 Giri gratuiti<\/div>\n<button data-item=\"homepage_banner_link\" class=\"goto m-button m-gradient-border m-button--primary m-button--large banner-button btn-orange\">\n            <div class=\"m-button-content\">\n                <span>Iscriviti ora<\/span>\n                <span><\/span>\n            <\/div>\n        <\/button>\n<\/div>\n<div class=\"WelcomePack\">\n<p><img loading=\"lazy\" decoding=\"async\" class=\"alignnone size-full wp-image-1365\" src=\"https:\/\/gamblerina.org\/wp-content\/uploads\/2026\/04\/welcome-crown-1.png\" alt=\"welcome-crown\" width=\"25\" height=\"26\" \/><\/p>\n<div class=\"WelcomePack-Info\">Cashback settimanale fino al 25%<\/div>\n<p><img loading=\"lazy\" decoding=\"async\" class=\"alignnone size-full wp-image-1365\" src=\"https:\/\/gamblerina.org\/wp-content\/uploads\/2026\/04\/welcome-crown-1.png\" alt=\"welcome-crown\" width=\"25\" height=\"26\" \/><\/p>\n<\/div>\n<\/div>\n<h2>Funzionalit\u00e0 dell&#8217;app Gamblerina<\/h2>\n<p>L&#8217;app Gamblerina Casino \u00e8 stata creata per offrire l&#8217;esperienza completa del casin\u00f2. Tutto ci\u00f2 che fai su un computer funziona allo stesso modo sul cellulare. Passare da una sezione all&#8217;altra della piattaforma pu\u00f2 sembrare pi\u00f9 veloce nell&#8217;app che nel browser, soprattutto perch\u00e9 abbiamo creato il layout da zero per la navigazione con le dita. Depositi, prelievi e processo di verifica: tutto funziona dall&#8217;app senza reindirizzamenti o limitazioni.<\/p>\n<table>\n<tbody>\n<tr>\n<td>Caratteristica<\/td>\n<td>Cosa fa<\/td>\n<td>Dettagli<\/td>\n<\/tr>\n<tr>\n<td>Accesso completo all&#8217;account<\/td>\n<td>Depositi, prelievi e verifica funzionano interamente tramite il casin\u00f2 mobile<\/td>\n<td>Il tuo telefono gestisce tutto e non devi tornare al tuo computer<\/td>\n<\/tr>\n<tr>\n<td>Aggiornamenti in background<\/td>\n<td>L&#8217;app Gamblerina si aggiorna tramite il sistema del browser senza alcun intervento da parte tua<\/td>\n<td>Non sono previsti download manuali<\/td>\n<\/tr>\n<tr>\n<td>Avvio dalla schermata iniziale<\/td>\n<td>Basta un solo tocco sull&#8217;icona nella schermata iniziale per aprire direttamente il casin\u00f2<\/td>\n<td>\u00c8 molto pi\u00f9 veloce che andare sul browser ogni volta<\/td>\n<\/tr>\n<tr>\n<td>Comandi riprogettati per il touchscreen<\/td>\n<td>Pulsanti e menu sono stati riprogettati per le dita<\/td>\n<td>Il layout offre spazio a tutto<\/td>\n<\/tr>\n<\/tbody>\n<\/table>\n<h3>Browser supportati<\/h3>\n<p>Non serve nulla di speciale per aprire Gamble Rina. \u00c8 sufficiente un normale browser, quello che usi gi\u00e0 ogni giorno. Funziona bene con tutte le opzioni pi\u00f9 comuni:<\/p>\n<ul>\n<li>Google Chrome<\/li>\n<li>Opera<\/li>\n<li>Safari<\/li>\n<li>Microsoft Edge<\/li>\n<li>Mozilla Firefox<\/li>\n<\/ul>\n<p>Se il tuo browser \u00e8 aggiornato, tutto funziona come dovrebbe. L&#8217;esperienza di gioco rimane costante e tutte le funzionalit\u00e0 sono disponibili.<\/p>\n<p><div class=\"scrollable-content-wrap my-5\"><div class=\"scrollable-content-inner\"><h2>App Gamblerina Casino per sistema operativo Android<\/h2>\n<p>La versione Android di Gamblerina funziona su telefoni e tablet con schermi di tutte le dimensioni e sulla maggior parte delle versioni di sistema rilasciate negli ultimi anni. La libreria completa dei giochi \u00e8 disponibile, tutte le funzioni dell&#8217;account funzionano e l&#8217;interfaccia si adatta a qualsiasi schermo senza che tu debba modificare alcuna impostazione.<\/p>\n<h3>Come funziona la PWA<\/h3>\n<p>Gamble Rina funziona come un&#8217;applicazione web progressiva. L&#8217;app risiede nel tuo browser e si aggiunge alla schermata iniziale, dove appare e si comporta come qualsiasi altra icona di app presente.<\/p>\n<p>Ogni volta che la apri, l&#8217;app Gamblerina scarica automaticamente l&#8217;ultima versione. Non ci sono notifiche di aggiornamento da chiudere, rimane semplicemente aggiornata da sola. L&#8217;utilizzo della memoria rimane basso perch\u00e9 non c&#8217;\u00e8 alcun pacchetto installato da mantenere e la connessione rimane crittografata durante ogni sessione.<\/p>\n<p>Aggiungerla alla schermata iniziale richiede circa dieci secondi. Apri il sito web di Gamblerina Casino nel tuo browser Android, tocca &#8220;Aggiungi alla schermata iniziale&#8221; e l&#8217;icona apparir\u00e0. Questo \u00e8 tutto il processo.<\/p>\n<table>\n<tbody>\n<tr>\n<td>Cosa cambia<\/td>\n<td>PWA<\/td>\n<td>Download APK Gamblerina<\/td>\n<\/tr>\n<tr>\n<td>Dove trovarla<\/td>\n<td>Direttamente dal sito web di Gamblerina Casino<\/td>\n<td>Fonte di terze parti<\/td>\n<\/tr>\n<tr>\n<td>Spazio di archiviazione utilizzato<\/td>\n<td>Minimo<\/td>\n<td>Occupa spazio di archiviazione sul dispositivo in modo permanente<\/td>\n<\/tr>\n<tr>\n<td>Aggiornamenti<\/td>\n<td>Avvengono automaticamente ad ogni avvio<\/td>\n<td>\u00c8 necessario scaricare manualmente ogni versione<\/td>\n<\/tr>\n<tr>\n<td>Sicurezza<\/td>\n<td>Connessione browser crittografata per tutta la durata<\/td>\n<td>Dipende interamente dalla fonte del file<\/td>\n<\/tr>\n<tr>\n<td>Notifiche push<\/td>\n<td>Supportate<\/td>\n<td>Supportate<\/td>\n<\/tr>\n<tr>\n<td>Tempo di installazione<\/td>\n<td>Meno di un minuto<\/td>\n<td>Pi\u00f9 lungo, con richieste di autorizzazione<\/td>\n<\/tr>\n<\/tbody>\n<\/table>\n<h2><img loading=\"lazy\" decoding=\"async\" src=\"https:\/\/gamblerina.org\/wp-content\/uploads\/2026\/04\/Gamblerina-Android-App.webp\" alt=\"Gamblerina Android App\" width=\"1248\" height=\"536\" \/><\/h2>\n<\/div><\/div><div style=\"clear: both\"><\/div><div class=\"d-flex justify-content-center\"><button data-item=\"decouvrez_link\" data-group=\"website_links\" class=\"goto fw-bold rounded-pill btn btn-orange\" aria-label=\"Scarica l&#039;app Gamblerina\" >Scarica l&#039;app Gamblerina<\/button><\/div><div class=\"scrollable-content-wrap my-5\"><div class=\"scrollable-content-inner\"><h2>App Gamblerina \u2013 iOS<\/h2>\n<p>L&#8217;utilizzo dell&#8217;app Gamblerina su iPhone o iPad risulta piuttosto intuitivo gi\u00e0 dal primo tentativo. \u00c8 sufficiente aggiungere un collegamento. Un solo tocco e si torna all&#8217;interno del proprio account. Il layout si adatta perfettamente ai dispositivi iOS e i comandi rispondono come ci si aspetta. Di seguito sono riportati i passaggi per l&#8217;installazione.<\/p>\n<ul>\n<li>L&#8217;icona &#8220;Condividi&#8221; nella parte inferiore della schermata del sito web di Gamblerina d\u00e0 accesso a opzioni aggiuntive.<\/li>\n<li>Tra queste, \u201cAggiungi alla schermata Home\u201d posiziona il collegamento direttamente sul dispositivo.<\/li>\n<li>Dopodich\u00e9, l&#8217;icona rimane sullo schermo, pronta per aprire il casin\u00f2 con un solo tocco.<\/li>\n<\/ul>\n<p><img loading=\"lazy\" decoding=\"async\" src=\"https:\/\/gamblerina.org\/wp-content\/uploads\/2026\/04\/Gamblerina-iOS-App.webp\" alt=\"Gamblerina iOS App\" width=\"1248\" height=\"536\" \/><\/p>\n<\/div><\/div><div style=\"clear: both\"><\/div><div class=\"d-flex justify-content-center\"><button data-item=\"decouvrez_link\" data-group=\"website_links\" class=\"goto fw-bold rounded-pill btn btn-orange\" aria-label=\"Scarica l&#039;app Gamblerina\" >Scarica l&#039;app Gamblerina<\/button><\/div><div class=\"scrollable-content-wrap my-5\"><div class=\"scrollable-content-inner\"><h2>Gamblerina Casino \u2013 Versione desktop<\/h2>\n<p>Gamble Rina sembra un po&#8217; pi\u00f9 spaziosa su un computer. Aprila nel tuo browser e troverai tutto l\u00ec. La piattaforma completa \u00e8 disponibile, inclusa l&#8217;intera libreria di giochi, quindi non manca nulla e non c&#8217;\u00e8 nulla di semplificato.<\/p>\n<p>Sono disponibili anche tutte le solite azioni. Puoi completare il processo di verifica e gestire le richieste di prelievo dalla stessa interfaccia, senza dover cambiare dispositivo. Alcuni scelgono di creare un collegamento sul desktop. In questo modo, basta un solo clic per aprire l&#8217;app di Gamblerina.<\/p>\n<p><img loading=\"lazy\" decoding=\"async\" src=\"https:\/\/gamblerina.org\/wp-content\/uploads\/2026\/04\/Gamblerina-Desktop.webp\" alt=\"Gamblerina Desktop\" width=\"1248\" height=\"536\" \/><\/p>\n<\/div><\/div><div style=\"clear: both\"><\/div><div class=\"d-flex justify-content-center\"><button data-item=\"decouvrez_link\" data-group=\"website_links\" class=\"goto fw-bold rounded-pill btn btn-orange\" aria-label=\"Scarica l&#039;app Gamblerina\" >Scarica l&#039;app Gamblerina<\/button><\/div><div class=\"scrollable-content-wrap my-5\"><div class=\"scrollable-content-inner\"><h2>Domande frequenti<\/h2>\n<h3>Cosa devo fare se l&#8217;app si blocca o non si carica correttamente?<\/h3>\n<p>Una connessione debole pu\u00f2 causare problemi, quindi controllare la connessione spesso pu\u00f2 essere d&#8217;aiuto. A volte basta semplicemente aggiornare la pagina o riaprire l&#8217;app di Gamblerina. Anche svuotare la cache del browser pu\u00f2 risolvere piccoli malfunzionamenti. Se il problema persiste, il team di assistenza \u00e8 disponibile tramite chat live o e-mail e potr\u00e0 esaminare la questione pi\u00f9 da vicino.<\/p>\n<h3>Posso usare Gamblerina Casino sul mio tablet?<\/h3>\n<p>S\u00ec, e l&#8217;esperienza \u00e8 piuttosto confortevole su uno schermo pi\u00f9 grande. Il layout si adatta automaticamente, quindi giochi, menu, pulsanti e impostazioni non appaiono allungati o fuori posto. Le slot online, i tavoli live, le promozioni e i giochi crash sono tutti presenti, solo con un po&#8217; pi\u00f9 di spazio a disposizione. Anche il processo di configurazione rimane invariato, quindi se l&#8217;hai gi\u00e0 utilizzato su un telefono, ti sembrer\u00e0 subito familiare.<\/p>\n<h3>Come faccio ad aggiornare l&#8217;app all&#8217;ultima versione?<\/h3>\n<p>Non c&#8217;\u00e8 nulla da aggiornare nel senso tradizionale del termine. L&#8217;app di Gamble Rina Casino funziona tramite il browser, quindi non richiede aggiornamenti manuali n\u00e9 versioni da scaricare. Quando la apri, stai gi\u00e0 utilizzando la versione attuale. Se qualcosa sembra non funzionare, basta un semplice aggiornamento o la riapertura dell&#8217;app per riportare tutto alla normalit\u00e0.<\/p>\n<\/div><\/div><\/p>\n","protected":false},"excerpt":{"rendered":"<p>Gamblerina Mobile Platform The Gamblerina app is the same casino space as on the website, just smaller and easier to reach. You have to add a shortcut, and that\u2019s enough. It runs smoothly on most phones and tablets, games load consistently, navigation doesn\u2019t get in the way, and moving between sections feels natural. Funzionalit\u00e0 dell&#8217;app [&hellip;]<\/p>\n","protected":false},"author":21,"featured_media":0,"parent":0,"menu_order":0,"comment_status":"closed","ping_status":"closed","template":"template-builder.php","meta":{"_acf_changed":false,"inline_featured_image":false,"footnotes":""},"class_list":["post-1265","page","type-page","status-publish","hentry"],"acf":[],"yoast_head":"<!-- This site is optimized with the Yoast SEO plugin v27.3 - https:\/\/yoast.com\/product\/yoast-seo-wordpress\/ -->\n<title>Gamblerina App | Casino Mobile Android &amp; iOS<\/title>\n<meta name=\"description\" content=\"Gamblerina App \u2013 scarica l&#039;app ufficiale del casin\u00f2 mobile per Android e iOS e porta l&#039;emozione ovunque tu vada. Goditi depositi istantanei, notifiche di giochi live e ricompense esclusive solo per mobile su Gamble Rina.\" \/>\n<meta name=\"robots\" content=\"index, follow, max-snippet:-1, max-image-preview:large, max-video-preview:-1\" \/>\n<link rel=\"canonical\" href=\"https:\/\/gamblerina.org\/it\/applicazione\/\" \/>\n<meta property=\"og:locale\" content=\"it_IT\" \/>\n<meta property=\"og:type\" content=\"article\" \/>\n<meta property=\"og:title\" content=\"Gamblerina App | Casino Mobile Android &amp; iOS\" \/>\n<meta property=\"og:description\" content=\"Gamblerina App \u2013 scarica l&#039;app ufficiale del casin\u00f2 mobile per Android e iOS e porta l&#039;emozione ovunque tu vada. Goditi depositi istantanei, notifiche di giochi live e ricompense esclusive solo per mobile su Gamble Rina.\" \/>\n<meta property=\"og:url\" content=\"https:\/\/gamblerina.org\/it\/applicazione\/\" \/>\n<meta property=\"og:site_name\" content=\"Gamblerina\" \/>\n<meta property=\"article:modified_time\" content=\"2026-04-20T09:38:38+00:00\" \/>\n<meta name=\"twitter:card\" content=\"summary_large_image\" \/>\n<meta name=\"twitter:label1\" content=\"Est. reading time\" \/>\n\t<meta name=\"twitter:data1\" content=\"2 minutes\" \/>\n<script type=\"application\/ld+json\" class=\"yoast-schema-graph\">{\"@context\":\"https:\\\/\\\/schema.org\",\"@graph\":[{\"@type\":\"WebPage\",\"@id\":\"https:\\\/\\\/gamblerina.org\\\/it\\\/applicazione\\\/\",\"url\":\"https:\\\/\\\/gamblerina.org\\\/it\\\/applicazione\\\/\",\"name\":\"Gamblerina App | Casino Mobile Android & iOS\",\"isPartOf\":{\"@id\":\"https:\\\/\\\/gamblerina.org\\\/it\\\/#website\"},\"datePublished\":\"2026-04-17T11:58:34+00:00\",\"dateModified\":\"2026-04-20T09:38:38+00:00\",\"description\":\"Gamblerina App \u2013 scarica l'app ufficiale del casin\u00f2 mobile per Android e iOS e porta l'emozione ovunque tu vada. Goditi depositi istantanei, notifiche di giochi live e ricompense esclusive solo per mobile su Gamble Rina.\",\"breadcrumb\":{\"@id\":\"https:\\\/\\\/gamblerina.org\\\/it\\\/applicazione\\\/#breadcrumb\"},\"inLanguage\":\"it-IT\",\"potentialAction\":[{\"@type\":\"ReadAction\",\"target\":[\"https:\\\/\\\/gamblerina.org\\\/it\\\/applicazione\\\/\"]}]},{\"@type\":\"BreadcrumbList\",\"@id\":\"https:\\\/\\\/gamblerina.org\\\/it\\\/applicazione\\\/#breadcrumb\",\"itemListElement\":[{\"@type\":\"ListItem\",\"position\":1,\"name\":\"Gamblerina\",\"item\":\"https:\\\/\\\/gamblerina.org\\\/it\\\/\"},{\"@type\":\"ListItem\",\"position\":2,\"name\":\"Applicazione\"}]},{\"@type\":\"WebSite\",\"@id\":\"https:\\\/\\\/gamblerina.org\\\/it\\\/#website\",\"url\":\"https:\\\/\\\/gamblerina.org\\\/it\\\/\",\"name\":\"Gamblerina\",\"description\":\"\",\"publisher\":{\"@id\":\"https:\\\/\\\/gamblerina.org\\\/it\\\/#organization\"},\"potentialAction\":[{\"@type\":\"SearchAction\",\"target\":{\"@type\":\"EntryPoint\",\"urlTemplate\":\"https:\\\/\\\/gamblerina.org\\\/it\\\/?s={search_term_string}\"},\"query-input\":{\"@type\":\"PropertyValueSpecification\",\"valueRequired\":true,\"valueName\":\"search_term_string\"}}],\"inLanguage\":\"it-IT\"},{\"@type\":\"Organization\",\"@id\":\"https:\\\/\\\/gamblerina.org\\\/it\\\/#organization\",\"name\":\"Gamblerina\",\"url\":\"https:\\\/\\\/gamblerina.org\\\/it\\\/\",\"logo\":{\"@type\":\"ImageObject\",\"inLanguage\":\"it-IT\",\"@id\":\"https:\\\/\\\/gamblerina.org\\\/it\\\/#\\\/schema\\\/logo\\\/image\\\/\",\"url\":\"https:\\\/\\\/gamblerina.org\\\/wp-content\\\/uploads\\\/2026\\\/04\\\/Gamblerina-logo.png\",\"contentUrl\":\"https:\\\/\\\/gamblerina.org\\\/wp-content\\\/uploads\\\/2026\\\/04\\\/Gamblerina-logo.png\",\"width\":196,\"height\":40,\"caption\":\"Gamblerina\"},\"image\":{\"@id\":\"https:\\\/\\\/gamblerina.org\\\/it\\\/#\\\/schema\\\/logo\\\/image\\\/\"}}]}<\/script>\n<!-- \/ Yoast SEO plugin. -->","yoast_head_json":{"title":"Gamblerina App | Casino Mobile Android & iOS","description":"Gamblerina App \u2013 scarica l'app ufficiale del casin\u00f2 mobile per Android e iOS e porta l'emozione ovunque tu vada. Goditi depositi istantanei, notifiche di giochi live e ricompense esclusive solo per mobile su Gamble Rina.","robots":{"index":"index","follow":"follow","max-snippet":"max-snippet:-1","max-image-preview":"max-image-preview:large","max-video-preview":"max-video-preview:-1"},"canonical":"https:\/\/gamblerina.org\/it\/applicazione\/","og_locale":"it_IT","og_type":"article","og_title":"Gamblerina App | Casino Mobile Android & iOS","og_description":"Gamblerina App \u2013 scarica l'app ufficiale del casin\u00f2 mobile per Android e iOS e porta l'emozione ovunque tu vada. Goditi depositi istantanei, notifiche di giochi live e ricompense esclusive solo per mobile su Gamble Rina.","og_url":"https:\/\/gamblerina.org\/it\/applicazione\/","og_site_name":"Gamblerina","article_modified_time":"2026-04-20T09:38:38+00:00","twitter_card":"summary_large_image","twitter_misc":{"Est. reading time":"2 minutes"},"schema":{"@context":"https:\/\/schema.org","@graph":[{"@type":"WebPage","@id":"https:\/\/gamblerina.org\/it\/applicazione\/","url":"https:\/\/gamblerina.org\/it\/applicazione\/","name":"Gamblerina App | Casino Mobile Android & iOS","isPartOf":{"@id":"https:\/\/gamblerina.org\/it\/#website"},"datePublished":"2026-04-17T11:58:34+00:00","dateModified":"2026-04-20T09:38:38+00:00","description":"Gamblerina App \u2013 scarica l'app ufficiale del casin\u00f2 mobile per Android e iOS e porta l'emozione ovunque tu vada. Goditi depositi istantanei, notifiche di giochi live e ricompense esclusive solo per mobile su Gamble Rina.","breadcrumb":{"@id":"https:\/\/gamblerina.org\/it\/applicazione\/#breadcrumb"},"inLanguage":"it-IT","potentialAction":[{"@type":"ReadAction","target":["https:\/\/gamblerina.org\/it\/applicazione\/"]}]},{"@type":"BreadcrumbList","@id":"https:\/\/gamblerina.org\/it\/applicazione\/#breadcrumb","itemListElement":[{"@type":"ListItem","position":1,"name":"Gamblerina","item":"https:\/\/gamblerina.org\/it\/"},{"@type":"ListItem","position":2,"name":"Applicazione"}]},{"@type":"WebSite","@id":"https:\/\/gamblerina.org\/it\/#website","url":"https:\/\/gamblerina.org\/it\/","name":"Gamblerina","description":"","publisher":{"@id":"https:\/\/gamblerina.org\/it\/#organization"},"potentialAction":[{"@type":"SearchAction","target":{"@type":"EntryPoint","urlTemplate":"https:\/\/gamblerina.org\/it\/?s={search_term_string}"},"query-input":{"@type":"PropertyValueSpecification","valueRequired":true,"valueName":"search_term_string"}}],"inLanguage":"it-IT"},{"@type":"Organization","@id":"https:\/\/gamblerina.org\/it\/#organization","name":"Gamblerina","url":"https:\/\/gamblerina.org\/it\/","logo":{"@type":"ImageObject","inLanguage":"it-IT","@id":"https:\/\/gamblerina.org\/it\/#\/schema\/logo\/image\/","url":"https:\/\/gamblerina.org\/wp-content\/uploads\/2026\/04\/Gamblerina-logo.png","contentUrl":"https:\/\/gamblerina.org\/wp-content\/uploads\/2026\/04\/Gamblerina-logo.png","width":196,"height":40,"caption":"Gamblerina"},"image":{"@id":"https:\/\/gamblerina.org\/it\/#\/schema\/logo\/image\/"}}]}},"_links":{"self":[{"href":"https:\/\/gamblerina.org\/it\/wp-json\/wp\/v2\/pages\/1265","targetHints":{"allow":["GET"]}}],"collection":[{"href":"https:\/\/gamblerina.org\/it\/wp-json\/wp\/v2\/pages"}],"about":[{"href":"https:\/\/gamblerina.org\/it\/wp-json\/wp\/v2\/types\/page"}],"author":[{"embeddable":true,"href":"https:\/\/gamblerina.org\/it\/wp-json\/wp\/v2\/users\/21"}],"replies":[{"embeddable":true,"href":"https:\/\/gamblerina.org\/it\/wp-json\/wp\/v2\/comments?post=1265"}],"version-history":[{"count":2,"href":"https:\/\/gamblerina.org\/it\/wp-json\/wp\/v2\/pages\/1265\/revisions"}],"predecessor-version":[{"id":1660,"href":"https:\/\/gamblerina.org\/it\/wp-json\/wp\/v2\/pages\/1265\/revisions\/1660"}],"wp:attachment":[{"href":"https:\/\/gamblerina.org\/it\/wp-json\/wp\/v2\/media?parent=1265"}],"curies":[{"name":"wp","href":"https:\/\/api.w.org\/{rel}","templated":true}]}}