{"id":1312,"date":"2026-04-17T13:02:01","date_gmt":"2026-04-17T12:02:01","guid":{"rendered":"https:\/\/gamblerina.org\/login-and-registration\/"},"modified":"2026-04-20T10:40:46","modified_gmt":"2026-04-20T09:40:46","slug":"accesso-e-registrazione","status":"publish","type":"page","link":"https:\/\/gamblerina.org\/it\/accesso-e-registrazione\/","title":{"rendered":"Accesso e registrazione"},"content":{"rendered":"<h1>Accesso a Gamblerina e registrazione dell&#8217;account<\/h1>\n<p>Il Gamblerina login non \u00e8 affatto difficile. Il primo passo \u00e8 breve: basta un&#8217;e-mail e una password. \u00c8 sufficiente per aprire le porte. Una volta effettuato l&#8217;accesso, la piattaforma non \u00e8 pi\u00f9 solo un&#8217;anteprima; inizia a sembrare uno spazio di divertimento e piacere per i giocatori italiani.<\/p>\n<p><div class=\"banner-wrap\" aria-label=\"Banner\"><img src=\"https:\/\/gamblerina.org\/wp-content\/uploads\/2026\/04\/Gamblerina-banner-carousel-800\u0445400.webp\" class=\"w-100 d-none d-lg-block img-pc main-banner-img\" alt=\"Gamblerina banner carousel\" fetchpriority=\"high\" decoding=\"async\"><img src=\"https:\/\/gamblerina.org\/wp-content\/uploads\/2026\/04\/gamblerina-banner-mobile.webp\" class=\"w-100 d-none d-md-block d-lg-none main-banner-img\" alt=\"gamblerina banner mobile\" fetchpriority=\"high\" decoding=\"async\"><img src=\"https:\/\/gamblerina.org\/wp-content\/uploads\/2026\/04\/gamblerina-banner-mobile.webp\" class=\"w-100 d-md-none\" alt=\"gamblerina banner mobile\" fetchpriority=\"high\" decoding=\"async\"><div class=\"banner-description\">\n<div class=\"banner-title\">Bonus di benvenuto<\/div>\n<p class=\"banner-header-title\">1500 \u20ac<\/p>\n<div class=\"banner-header-AdditionalText\">+ 250 Giri gratuiti<\/div>\n<button data-item=\"homepage_banner_link\" class=\"goto m-button m-gradient-border m-button--primary m-button--large banner-button btn-orange\">\n            <div class=\"m-button-content\">\n                <span>Iscriviti ora<\/span>\n                <span><\/span>\n            <\/div>\n        <\/button>\n<\/div>\n<div class=\"WelcomePack\">\n<p><img loading=\"lazy\" decoding=\"async\" class=\"alignnone size-full wp-image-1365\" src=\"https:\/\/gamblerina.org\/wp-content\/uploads\/2026\/04\/welcome-crown-1.png\" alt=\"welcome-crown\" width=\"25\" height=\"26\" \/><\/p>\n<div class=\"WelcomePack-Info\">Cashback settimanale fino al 25%<\/div>\n<p><img loading=\"lazy\" decoding=\"async\" class=\"alignnone size-full wp-image-1365\" src=\"https:\/\/gamblerina.org\/wp-content\/uploads\/2026\/04\/welcome-crown-1.png\" alt=\"welcome-crown\" width=\"25\" height=\"26\" \/><\/p>\n<\/div>\n<\/div><div class=\"scrollable-content-wrap my-5\"><div class=\"scrollable-content-inner\"><h2>Vantaggi dell&#8217;account del casin\u00f2 Gamblerina<\/h2>\n<p>Senza un account, ti limiterai per lo pi\u00f9 a dare un&#8217;occhiata in giro. Nel momento in cui completi l&#8217;accesso a Gamblerina, le cose cambiano. Diventa disponibile l&#8217;intera libreria di giochi, comprese le nostre slot online.<\/p>\n<p>Anche i bonus iniziano a contare. L&#8217;offerta di benvenuto \u00e8 legata ai tuoi primi depositi e si sblocca passo dopo passo. Questo bonus ti d\u00e0 un po&#8217; pi\u00f9 di tempo per esplorare la piattaforma Gamblerina. Se rimani attivo, iniziano ad apparire altre offerte: cashback, promozioni stagionali, tornei e piccoli vantaggi attraverso il sistema fedelt\u00e0.<\/p>\n<p>Il tuo account diventa anche un registro personale. Le tue scommesse, i tuoi depositi, i tuoi bonus e persino la cronologia dei tuoi accessi a Gamblerina Casino vengono memorizzati qui.<\/p>\n<h2>Questioni di sicurezza<\/h2>\n<p>Gamblerina possiede una regolare licenza operativa e prende sul serio la conformit\u00e0 al GDPR. L&#8217;infrastruttura di sicurezza qui copre tutto: cosa succede quando qualcuno cerca di accedere al tuo account, come i tuoi dati si muovono attraverso la rete e cosa si frappone tra le tue informazioni e chiunque non dovrebbe averle.<\/p>\n<table>\n<tbody>\n<tr>\n<td>Livello di sicurezza<\/td>\n<td>Cosa fa<\/td>\n<\/tr>\n<tr>\n<td>Sistema di rilevamento delle intrusioni<\/td>\n<td>Monitora continuamente il traffico della piattaforma e segnala comportamenti sospetti prima che raggiungano gli account degli utenti<\/td>\n<\/tr>\n<tr>\n<td>Autenticazione a due fattori<\/td>\n<td>Aggiunge un secondo passaggio al login su Gamblerina che richiede un codice a tempo oltre alla password<\/td>\n<\/tr>\n<tr>\n<td>Crittografia TLS<\/td>\n<td>Cripta tutti i dati che viaggiano tra il tuo dispositivo e la piattaforma, in modo che non possano essere letti durante il trasferimento<\/td>\n<\/tr>\n<\/tbody>\n<\/table>\n<p>Vale la pena abilitare l&#8217;autenticazione a due fattori se non l&#8217;hai gi\u00e0 fatto. Aggiunge un passaggio al tuo accesso e rende l&#8217;accesso non autorizzato significativamente pi\u00f9 difficile, quindi una password rubata non \u00e8 sufficiente per entrare. L&#8217;impostazione si trova nel profilo del tuo account Gamblerina Casino e richiede circa un minuto per essere configurata.<\/p>\n<p><img loading=\"lazy\" decoding=\"async\" class=\"alignnone size-full wp-image-1413\" src=\"https:\/\/gamblerina.org\/wp-content\/uploads\/2026\/04\/Gamblerina-Login-1.webp\" alt=\"Gamblerina Login\" width=\"1248\" height=\"536\" srcset=\"https:\/\/gamblerina.org\/wp-content\/uploads\/2026\/04\/Gamblerina-Login-1.webp 1248w, https:\/\/gamblerina.org\/wp-content\/uploads\/2026\/04\/Gamblerina-Login-1-300x129.webp 300w, https:\/\/gamblerina.org\/wp-content\/uploads\/2026\/04\/Gamblerina-Login-1-1024x440.webp 1024w, https:\/\/gamblerina.org\/wp-content\/uploads\/2026\/04\/Gamblerina-Login-1-768x330.webp 768w\" sizes=\"auto, (max-width: 1248px) 100vw, 1248px\" \/><\/p>\n<h2>Come creare il tuo account al casin\u00f2<\/h2>\n<p>La registrazione su Gamble Rina \u00e8 un processo breve, suddiviso in due piccoli passaggi, e la maggior parte di esso risulta familiare.<\/p>\n<ol>\n<li>Il pulsante di registrazione apre il primo modulo.<\/li>\n<li>Inserisci la tua email e crea una password.<\/li>\n<li>Una rapida conferma che hai pi\u00f9 di 18 anni e accetti i termini.<\/li>\n<li>Poi appare la seconda fase, in cui devi inserire il tuo nome e la data di nascita (il numero di telefono pu\u00f2 essere saltato se lo desideri).<\/li>\n<\/ol>\n<p>Questo \u00e8 sufficiente per attivare il tuo account su Gamblerina Casino. All&#8217;inizio non verifichiamo immediatamente i documenti, quindi la procedura risulta semplice. Tuttavia, in seguito, quando deciderai di prelevare denaro, entrer\u00e0 in gioco il processo di verifica. A quel punto, i tuoi dati dovranno corrispondere a quelli riportati sui tuoi documenti. Se qualcosa non quadra, ci\u00f2 potrebbe comportare restrizioni o addirittura la perdita dell&#8217;accesso all&#8217;account e al suo saldo.<\/p>\n<h2>Procedura di accesso a Gamblerina<\/h2>\n<p>L&#8217;accesso a Gamble Rina non richiede pi\u00f9 di pochi secondi. Apri la finestra di accesso, inserisci i tuoi dati e torni al tuo account.<\/p>\n<ol>\n<li>Inserisci nei campi l&#8217;indirizzo e-mail e la password che hai utilizzato durante la registrazione.<\/li>\n<li>Se l&#8217;autenticazione a due fattori \u00e8 attiva, \u00e8 necessario un codice breve per completare l&#8217;accesso.<\/li>\n<li>Dopodich\u00e9, l&#8217;accesso viene concesso e tutto si carica come al solito.<\/li>\n<\/ol>\n<p>Se qualcosa non funziona, spesso si tratta di un piccolo dettaglio. Una password digitata in modo errato, uno spazio in pi\u00f9 o il tasto Caps Lock attivo possono causare problemi. In questi casi, basta reinserire i dati per risolvere il problema.<\/p>\n<p>Se l&#8217;accesso continua a non funzionare, nella stessa schermata \u00e8 disponibile un&#8217;opzione di reimpostazione. \u00c8 possibile impostare una nuova password tramite e-mail, e questo risolver\u00e0 il problema. In caso contrario, il team di assistenza di Gamblerina \u00e8 a tua disposizione tramite la chat live e ti aiuter\u00e0 a risolvere il problema.<\/p>\n<h2>Domande frequenti<\/h2>\n<h3>Posso creare pi\u00f9 account su Gamblerina Casino contemporaneamente?<\/h3>\n<p>La regola prevede un solo account per persona. L&#8217;account \u00e8 collegato ai tuoi dati personali, quindi la creazione di pi\u00f9 profili, specialmente con informazioni diverse o inventate, prima o poi causer\u00e0 problemi. Ci\u00f2 comporter\u00e0 restrizioni o un ban totale. Un unico account funziona su tutti i dispositivi utilizzando lo stesso login Gamblerina.<\/p>\n<h3>Dove posso controllare la cronologia delle mie attivit\u00e0 di gioco su Gamble Rina Casino?<\/h3>\n<p>Tutto ci\u00f2 che fai sulla piattaforma viene registrato nel tuo account. C&#8217;\u00e8 una sezione in cui puoi consultare le tue sessioni, i depositi, i prelievi e l&#8217;utilizzo dei bonus. \u00c8 tutto ordinato in modo da renderlo facile da seguire: per tipo, stato o periodo di tempo.<\/p>\n<h3>Come posso verificare il mio indirizzo e-mail?<\/h3>\n<p>All&#8217;interno del tuo profilo Gamblerina, c&#8217;\u00e8 una piccola finestra che ti aiuta a confermare i tuoi dati di contatto. Ci vuole un attimo, quindi farlo subito rende le cose pi\u00f9 semplici in seguito, specialmente se dovessi mai aver bisogno di aiuto dal nostro supporto multilingue o se dovessi incontrare problemi relativi all&#8217;account.<\/p>\n<\/div><\/div><\/p>\n","protected":false},"excerpt":{"rendered":"<p>Accesso a Gamblerina e registrazione dell&#8217;account Il Gamblerina login non \u00e8 affatto difficile. Il primo passo \u00e8 breve: basta un&#8217;e-mail e una password. \u00c8 sufficiente per aprire le porte. Una volta effettuato l&#8217;accesso, la piattaforma non \u00e8 pi\u00f9 solo un&#8217;anteprima; inizia a sembrare uno spazio di divertimento e piacere per i giocatori italiani.<\/p>\n","protected":false},"author":21,"featured_media":0,"parent":0,"menu_order":0,"comment_status":"closed","ping_status":"closed","template":"template-builder.php","meta":{"_acf_changed":false,"inline_featured_image":false,"footnotes":""},"class_list":["post-1312","page","type-page","status-publish","hentry"],"acf":[],"yoast_head":"<!-- This site is optimized with the Yoast SEO plugin v27.3 - https:\/\/yoast.com\/product\/yoast-seo-wordpress\/ -->\n<title>Gamblerina Casino Login \u2013 Registrazione Veloce e Account Sicuro<\/title>\n<meta name=\"description\" content=\"Gamblerina Casino Login \u2013 inizia in meno di un minuto con registrazione fulminea o accedi nuovamente con crittografia di livello militare. Gestisci i tuoi fondi, monitora i progressi bonus e personalizza le impostazioni dell&#039;account senza sforzo su Gamble Rina.\" \/>\n<meta name=\"robots\" content=\"index, follow, max-snippet:-1, max-image-preview:large, max-video-preview:-1\" \/>\n<link rel=\"canonical\" href=\"https:\/\/gamblerina.org\/it\/accesso-e-registrazione\/\" \/>\n<meta property=\"og:locale\" content=\"it_IT\" \/>\n<meta property=\"og:type\" content=\"article\" \/>\n<meta property=\"og:title\" content=\"Gamblerina Casino Login \u2013 Registrazione Veloce e Account Sicuro\" \/>\n<meta property=\"og:description\" content=\"Gamblerina Casino Login \u2013 inizia in meno di un minuto con registrazione fulminea o accedi nuovamente con crittografia di livello militare. Gestisci i tuoi fondi, monitora i progressi bonus e personalizza le impostazioni dell&#039;account senza sforzo su Gamble Rina.\" \/>\n<meta property=\"og:url\" content=\"https:\/\/gamblerina.org\/it\/accesso-e-registrazione\/\" \/>\n<meta property=\"og:site_name\" content=\"Gamblerina\" \/>\n<meta property=\"article:modified_time\" content=\"2026-04-20T09:40:46+00:00\" \/>\n<meta name=\"twitter:card\" content=\"summary_large_image\" \/>\n<meta name=\"twitter:label1\" content=\"Est. reading time\" \/>\n\t<meta name=\"twitter:data1\" content=\"1 minute\" \/>\n<script type=\"application\/ld+json\" class=\"yoast-schema-graph\">{\"@context\":\"https:\\\/\\\/schema.org\",\"@graph\":[{\"@type\":\"WebPage\",\"@id\":\"https:\\\/\\\/gamblerina.org\\\/it\\\/accesso-e-registrazione\\\/\",\"url\":\"https:\\\/\\\/gamblerina.org\\\/it\\\/accesso-e-registrazione\\\/\",\"name\":\"Gamblerina Casino Login \u2013 Registrazione Veloce e Account Sicuro\",\"isPartOf\":{\"@id\":\"https:\\\/\\\/gamblerina.org\\\/it\\\/#website\"},\"datePublished\":\"2026-04-17T12:02:01+00:00\",\"dateModified\":\"2026-04-20T09:40:46+00:00\",\"description\":\"Gamblerina Casino Login \u2013 inizia in meno di un minuto con registrazione fulminea o accedi nuovamente con crittografia di livello militare. Gestisci i tuoi fondi, monitora i progressi bonus e personalizza le impostazioni dell'account senza sforzo su Gamble Rina.\",\"breadcrumb\":{\"@id\":\"https:\\\/\\\/gamblerina.org\\\/it\\\/accesso-e-registrazione\\\/#breadcrumb\"},\"inLanguage\":\"it-IT\",\"potentialAction\":[{\"@type\":\"ReadAction\",\"target\":[\"https:\\\/\\\/gamblerina.org\\\/it\\\/accesso-e-registrazione\\\/\"]}]},{\"@type\":\"BreadcrumbList\",\"@id\":\"https:\\\/\\\/gamblerina.org\\\/it\\\/accesso-e-registrazione\\\/#breadcrumb\",\"itemListElement\":[{\"@type\":\"ListItem\",\"position\":1,\"name\":\"Gamblerina\",\"item\":\"https:\\\/\\\/gamblerina.org\\\/it\\\/\"},{\"@type\":\"ListItem\",\"position\":2,\"name\":\"Accesso e registrazione\"}]},{\"@type\":\"WebSite\",\"@id\":\"https:\\\/\\\/gamblerina.org\\\/it\\\/#website\",\"url\":\"https:\\\/\\\/gamblerina.org\\\/it\\\/\",\"name\":\"Gamblerina\",\"description\":\"\",\"publisher\":{\"@id\":\"https:\\\/\\\/gamblerina.org\\\/it\\\/#organization\"},\"potentialAction\":[{\"@type\":\"SearchAction\",\"target\":{\"@type\":\"EntryPoint\",\"urlTemplate\":\"https:\\\/\\\/gamblerina.org\\\/it\\\/?s={search_term_string}\"},\"query-input\":{\"@type\":\"PropertyValueSpecification\",\"valueRequired\":true,\"valueName\":\"search_term_string\"}}],\"inLanguage\":\"it-IT\"},{\"@type\":\"Organization\",\"@id\":\"https:\\\/\\\/gamblerina.org\\\/it\\\/#organization\",\"name\":\"Gamblerina\",\"url\":\"https:\\\/\\\/gamblerina.org\\\/it\\\/\",\"logo\":{\"@type\":\"ImageObject\",\"inLanguage\":\"it-IT\",\"@id\":\"https:\\\/\\\/gamblerina.org\\\/it\\\/#\\\/schema\\\/logo\\\/image\\\/\",\"url\":\"https:\\\/\\\/gamblerina.org\\\/wp-content\\\/uploads\\\/2026\\\/04\\\/Gamblerina-logo.png\",\"contentUrl\":\"https:\\\/\\\/gamblerina.org\\\/wp-content\\\/uploads\\\/2026\\\/04\\\/Gamblerina-logo.png\",\"width\":196,\"height\":40,\"caption\":\"Gamblerina\"},\"image\":{\"@id\":\"https:\\\/\\\/gamblerina.org\\\/it\\\/#\\\/schema\\\/logo\\\/image\\\/\"}}]}<\/script>\n<!-- \/ Yoast SEO plugin. -->","yoast_head_json":{"title":"Gamblerina Casino Login \u2013 Registrazione Veloce e Account Sicuro","description":"Gamblerina Casino Login \u2013 inizia in meno di un minuto con registrazione fulminea o accedi nuovamente con crittografia di livello militare. Gestisci i tuoi fondi, monitora i progressi bonus e personalizza le impostazioni dell'account senza sforzo su Gamble Rina.","robots":{"index":"index","follow":"follow","max-snippet":"max-snippet:-1","max-image-preview":"max-image-preview:large","max-video-preview":"max-video-preview:-1"},"canonical":"https:\/\/gamblerina.org\/it\/accesso-e-registrazione\/","og_locale":"it_IT","og_type":"article","og_title":"Gamblerina Casino Login \u2013 Registrazione Veloce e Account Sicuro","og_description":"Gamblerina Casino Login \u2013 inizia in meno di un minuto con registrazione fulminea o accedi nuovamente con crittografia di livello militare. Gestisci i tuoi fondi, monitora i progressi bonus e personalizza le impostazioni dell'account senza sforzo su Gamble Rina.","og_url":"https:\/\/gamblerina.org\/it\/accesso-e-registrazione\/","og_site_name":"Gamblerina","article_modified_time":"2026-04-20T09:40:46+00:00","twitter_card":"summary_large_image","twitter_misc":{"Est. reading time":"1 minute"},"schema":{"@context":"https:\/\/schema.org","@graph":[{"@type":"WebPage","@id":"https:\/\/gamblerina.org\/it\/accesso-e-registrazione\/","url":"https:\/\/gamblerina.org\/it\/accesso-e-registrazione\/","name":"Gamblerina Casino Login \u2013 Registrazione Veloce e Account Sicuro","isPartOf":{"@id":"https:\/\/gamblerina.org\/it\/#website"},"datePublished":"2026-04-17T12:02:01+00:00","dateModified":"2026-04-20T09:40:46+00:00","description":"Gamblerina Casino Login \u2013 inizia in meno di un minuto con registrazione fulminea o accedi nuovamente con crittografia di livello militare. Gestisci i tuoi fondi, monitora i progressi bonus e personalizza le impostazioni dell'account senza sforzo su Gamble Rina.","breadcrumb":{"@id":"https:\/\/gamblerina.org\/it\/accesso-e-registrazione\/#breadcrumb"},"inLanguage":"it-IT","potentialAction":[{"@type":"ReadAction","target":["https:\/\/gamblerina.org\/it\/accesso-e-registrazione\/"]}]},{"@type":"BreadcrumbList","@id":"https:\/\/gamblerina.org\/it\/accesso-e-registrazione\/#breadcrumb","itemListElement":[{"@type":"ListItem","position":1,"name":"Gamblerina","item":"https:\/\/gamblerina.org\/it\/"},{"@type":"ListItem","position":2,"name":"Accesso e registrazione"}]},{"@type":"WebSite","@id":"https:\/\/gamblerina.org\/it\/#website","url":"https:\/\/gamblerina.org\/it\/","name":"Gamblerina","description":"","publisher":{"@id":"https:\/\/gamblerina.org\/it\/#organization"},"potentialAction":[{"@type":"SearchAction","target":{"@type":"EntryPoint","urlTemplate":"https:\/\/gamblerina.org\/it\/?s={search_term_string}"},"query-input":{"@type":"PropertyValueSpecification","valueRequired":true,"valueName":"search_term_string"}}],"inLanguage":"it-IT"},{"@type":"Organization","@id":"https:\/\/gamblerina.org\/it\/#organization","name":"Gamblerina","url":"https:\/\/gamblerina.org\/it\/","logo":{"@type":"ImageObject","inLanguage":"it-IT","@id":"https:\/\/gamblerina.org\/it\/#\/schema\/logo\/image\/","url":"https:\/\/gamblerina.org\/wp-content\/uploads\/2026\/04\/Gamblerina-logo.png","contentUrl":"https:\/\/gamblerina.org\/wp-content\/uploads\/2026\/04\/Gamblerina-logo.png","width":196,"height":40,"caption":"Gamblerina"},"image":{"@id":"https:\/\/gamblerina.org\/it\/#\/schema\/logo\/image\/"}}]}},"_links":{"self":[{"href":"https:\/\/gamblerina.org\/it\/wp-json\/wp\/v2\/pages\/1312","targetHints":{"allow":["GET"]}}],"collection":[{"href":"https:\/\/gamblerina.org\/it\/wp-json\/wp\/v2\/pages"}],"about":[{"href":"https:\/\/gamblerina.org\/it\/wp-json\/wp\/v2\/types\/page"}],"author":[{"embeddable":true,"href":"https:\/\/gamblerina.org\/it\/wp-json\/wp\/v2\/users\/21"}],"replies":[{"embeddable":true,"href":"https:\/\/gamblerina.org\/it\/wp-json\/wp\/v2\/comments?post=1312"}],"version-history":[{"count":2,"href":"https:\/\/gamblerina.org\/it\/wp-json\/wp\/v2\/pages\/1312\/revisions"}],"predecessor-version":[{"id":1662,"href":"https:\/\/gamblerina.org\/it\/wp-json\/wp\/v2\/pages\/1312\/revisions\/1662"}],"wp:attachment":[{"href":"https:\/\/gamblerina.org\/it\/wp-json\/wp\/v2\/media?parent=1312"}],"curies":[{"name":"wp","href":"https:\/\/api.w.org\/{rel}","templated":true}]}}