{"id":1313,"date":"2026-04-17T13:02:01","date_gmt":"2026-04-17T12:02:01","guid":{"rendered":"https:\/\/gamblerina.org\/login-and-registration\/"},"modified":"2026-04-20T11:02:25","modified_gmt":"2026-04-20T10:02:25","slug":"logowanie-i-rejestracja","status":"publish","type":"page","link":"https:\/\/gamblerina.org\/pl\/logowanie-i-rejestracja\/","title":{"rendered":"Logowanie i rejestracja"},"content":{"rendered":"<h1>Logowanie do Gamblerina i rejestracja konta<\/h1>\n<p>Gamblerina login nie jest wcale trudne. Pierwszy krok jest kr\u00f3tki \u2013 wystarczy poda\u0107 adres e-mail i has\u0142o. To wystarczy, aby otworzy\u0107 drzwi. Po zalogowaniu si\u0119 platforma nie jest ju\u017c tylko podgl\u0105dem; zaczyna sprawia\u0107 wra\u017cenie przestrzeni zabawy i przyjemno\u015bci dla polskich graczy.<\/p>\n<p><div class=\"banner-wrap\" aria-label=\"Banner\"><img src=\"https:\/\/gamblerina.org\/wp-content\/uploads\/2026\/04\/Gamblerina-banner-carousel-800\u0445400.webp\" class=\"w-100 d-none d-lg-block img-pc main-banner-img\" alt=\"Gamblerina banner carousel\" fetchpriority=\"high\" decoding=\"async\"><img src=\"https:\/\/gamblerina.org\/wp-content\/uploads\/2026\/04\/gamblerina-banner-mobile.webp\" class=\"w-100 d-none d-md-block d-lg-none main-banner-img\" alt=\"gamblerina banner mobile\" fetchpriority=\"high\" decoding=\"async\"><img src=\"https:\/\/gamblerina.org\/wp-content\/uploads\/2026\/04\/gamblerina-banner-mobile.webp\" class=\"w-100 d-md-none\" alt=\"gamblerina banner mobile\" fetchpriority=\"high\" decoding=\"async\"><div class=\"banner-description\">\n<div class=\"banner-title\">Bonusy powitalne<\/div>\n<p class=\"banner-header-title\">1500 \u20ac<\/p>\n<div class=\"banner-header-AdditionalText\">+ 250 Darmowe spiny<\/div>\n<button data-item=\"homepage_banner_link\" class=\"goto m-button m-gradient-border m-button--primary m-button--large banner-button btn-orange\">\n            <div class=\"m-button-content\">\n                <span>Zarejestruj si\u0119 teraz<\/span>\n                <span><\/span>\n            <\/div>\n        <\/button>\n<\/div>\n<div class=\"WelcomePack\">\n<p><img loading=\"lazy\" decoding=\"async\" class=\"alignnone size-full wp-image-1366\" src=\"https:\/\/gamblerina.org\/wp-content\/uploads\/2026\/04\/welcome-crown-1.png\" alt=\"welcome-crown\" width=\"25\" height=\"26\" \/><\/p>\n<div class=\"WelcomePack-Info\">Cotygodniowy zwrot got\u00f3wki do 25%<\/div>\n<p><img loading=\"lazy\" decoding=\"async\" class=\"alignnone size-full wp-image-1366\" src=\"https:\/\/gamblerina.org\/wp-content\/uploads\/2026\/04\/welcome-crown-1.png\" alt=\"welcome-crown\" width=\"25\" height=\"26\" \/><\/p>\n<\/div>\n<\/div><div class=\"scrollable-content-wrap my-5\"><div class=\"scrollable-content-inner\"><h2>Korzy\u015bci z posiadania konta w kasynie Gamblerina<\/h2>\n<p>Bez konta w wi\u0119kszo\u015bci przypadk\u00f3w tylko si\u0119 rozgl\u0105dasz. W momencie zako\u0144czenia logowania do Gamblerina sytuacja si\u0119 zmienia. Dost\u0119pna staje si\u0119 pe\u0142na biblioteka gier, w tym nasze automaty online.<\/p>\n<p>Znaczenie nabieraj\u0105 r\u00f3wnie\u017c bonusy. Oferta powitalna jest powi\u0105zana z Twoimi pierwszymi wp\u0142atami i jest realizowana krok po kroku. Ten bonus daje nieco wi\u0119cej czasu na zapoznanie si\u0119 z platform\u0105 Gamblerina. Je\u015bli pozostaniesz aktywny, pojawi\u0105 si\u0119 kolejne oferty \u2013 zwrot got\u00f3wki, promocje sezonowe, turnieje i drobne korzy\u015bci w ramach systemu lojalno\u015bciowego.<\/p>\n<p>Twoje konto staje si\u0119 r\u00f3wnie\u017c osobistym rejestrem. Twoje zak\u0142ady, wp\u0142aty, bonusy, a nawet historia logowania do kasyna Gamblerina s\u0105 tutaj przechowywane.<\/p>\n<h2>Kwestie bezpiecze\u0144stwa<\/h2>\n<p>Gamblerina posiada odpowiedni\u0105 licencj\u0119 na prowadzenie dzia\u0142alno\u015bci i powa\u017cnie traktuje zgodno\u015b\u0107 z GDPR. Infrastruktura bezpiecze\u0144stwa obejmuje tutaj wszystkie aspekty: co si\u0119 dzieje, gdy kto\u015b pr\u00f3buje uzyska\u0107 dost\u0119p do Twojego konta, w jaki spos\u00f3b Twoje dane przemieszczaj\u0105 si\u0119 w sieci oraz co stoi mi\u0119dzy Twoimi informacjami a osobami, kt\u00f3re nie powinny ich posiada\u0107.<\/p>\n<table>\n<tbody>\n<tr>\n<td>Warstwa bezpiecze\u0144stwa<\/td>\n<td>Jak dzia\u0142a<\/td>\n<\/tr>\n<tr>\n<td>System wykrywania w\u0142ama\u0144<\/td>\n<td>Nieustannie monitoruje ruch na platformie i sygnalizuje podejrzane zachowania, zanim dotr\u0105 one do kont u\u017cytkownik\u00f3w<\/td>\n<\/tr>\n<tr>\n<td>Uwierzytelnianie dwusk\u0142adnikowe<\/td>\n<td>Dodaje drugi etap do logowania w serwisie Gamblerina, kt\u00f3ry wymaga podania kodu jednorazowego wraz z has\u0142em<\/td>\n<\/tr>\n<tr>\n<td>Szyfrowanie TLS<\/td>\n<td>Szyfruje wszystkie dane przesy\u0142ane mi\u0119dzy Twoim urz\u0105dzeniem a platform\u0105, dzi\u0119ki czemu nie mo\u017cna ich odczyta\u0107 podczas przesy\u0142ania<\/td>\n<\/tr>\n<\/tbody>\n<\/table>\n<p>Warto w\u0142\u0105czy\u0107 uwierzytelnianie dwusk\u0142adnikowe, je\u015bli jeszcze tego nie zrobi\u0142e\u015b. Dodaje ono jeden krok do procesu logowania i znacznie utrudnia nieautoryzowany dost\u0119p, dzi\u0119ki czemu skradzione has\u0142o nie wystarczy, aby uzyska\u0107 dost\u0119p. Ustawienie to znajduje si\u0119 w profilu konta w kasynie Gamblerina, a jego konfiguracja zajmuje oko\u0142o minuty.<\/p>\n<h2>Jak za\u0142o\u017cy\u0107 konto w kasynie<\/h2>\n<p>Rejestracja w Gamble Rina to kr\u00f3tki proces, podzielony na dwa ma\u0142e kroki, a wi\u0119kszo\u015b\u0107 z nich wydaje si\u0119 znajoma.<\/p>\n<ol>\n<li>Przycisk rejestracji otwiera pierwszy formularz.<\/li>\n<li>Wpisujesz sw\u00f3j adres e-mail i tworzysz has\u0142o.<\/li>\n<li>Szybkie potwierdzenie, \u017ce masz uko\u0144czone 18 lat i zgadzasz si\u0119 na warunki.<\/li>\n<li>Nast\u0119pnie pojawia si\u0119 drugi krok, w kt\u00f3rym podajesz swoje imi\u0119 i nazwisko oraz dat\u0119 urodzenia (numer telefonu mo\u017cna pomin\u0105\u0107, je\u015bli chcesz).<\/li>\n<\/ol>\n<p>To wystarczy, aby uruchomi\u0107 konto w kasynie Gamblerina. Na pocz\u0105tku nie sprawdzamy od razu dokument\u00f3w, wi\u0119c proces wydaje si\u0119 prosty. Jednak p\u00f3\u017aniej, gdy zdecydujesz si\u0119 wyp\u0142aci\u0107 pieni\u0105dze, w gr\u0119 wchodzi proces weryfikacji. W tym momencie Twoje dane musz\u0105 by\u0107 zgodne z dokumentami. Je\u015bli co\u015b si\u0119 nie zgadza, mo\u017ce to prowadzi\u0107 do ogranicze\u0144, a nawet utraty dost\u0119pu do konta i \u015brodk\u00f3w na nim.<\/p>\n<p><img loading=\"lazy\" decoding=\"async\" class=\"alignnone size-full wp-image-1414\" src=\"https:\/\/gamblerina.org\/wp-content\/uploads\/2026\/04\/Gamblerina-Login-1.webp\" alt=\"Gamblerina Login\" width=\"1248\" height=\"536\" srcset=\"https:\/\/gamblerina.org\/wp-content\/uploads\/2026\/04\/Gamblerina-Login-1.webp 1248w, https:\/\/gamblerina.org\/wp-content\/uploads\/2026\/04\/Gamblerina-Login-1-300x129.webp 300w, https:\/\/gamblerina.org\/wp-content\/uploads\/2026\/04\/Gamblerina-Login-1-1024x440.webp 1024w, https:\/\/gamblerina.org\/wp-content\/uploads\/2026\/04\/Gamblerina-Login-1-768x330.webp 768w\" sizes=\"auto, (max-width: 1248px) 100vw, 1248px\" \/><\/p>\n<h2>Proces logowania do Gamblerina<\/h2>\n<p>Logowanie do Gamble Rina zajmuje nie wi\u0119cej ni\u017c kilka sekund. Otwierasz okno logowania, wpisujesz swoje dane i ju\u017c jeste\u015b z powrotem na swoim koncie.<\/p>\n<ol>\n<li>W odpowiednich polach nale\u017cy wpisa\u0107 adres e-mail i has\u0142o u\u017cyte podczas rejestracji.<\/li>\n<li>Je\u015bli aktywne jest uwierzytelnianie dwusk\u0142adnikowe, do zako\u0144czenia logowania wymagany jest kr\u00f3tki kod.<\/li>\n<li>Nast\u0119pnie uzyskasz dost\u0119p, a strona za\u0142aduje si\u0119 jak zwykle.<\/li>\n<\/ol>\n<p>Je\u015bli co\u015b nie dzia\u0142a, cz\u0119sto jest to drobny szczeg\u00f3\u0142. B\u0142\u0119dnie wpisane has\u0142o, dodatkowa spacja lub w\u0142\u0105czony klawisz Caps Lock mog\u0105 powodowa\u0107 problemy. W takich przypadkach ponowne wprowadzenie danych rozwi\u0105zuje problem.<\/p>\n<p>Je\u015bli nadal nie mo\u017cesz si\u0119 zalogowa\u0107, na tym samym ekranie znajduje si\u0119 opcja resetowania has\u0142a. Mo\u017cesz ustawi\u0107 nowe has\u0142o za po\u015brednictwem poczty e-mail, co powinno rozwi\u0105za\u0107 problem. Je\u015bli to nie pomo\u017ce, zesp\u00f3\u0142 obs\u0142ugi klienta Gamblerina jest dost\u0119pny na czacie na \u017cywo i ch\u0119tnie pomo\u017ce Ci rozwi\u0105za\u0107 t\u0119 spraw\u0119.<\/p>\n<h2>FAQ<\/h2>\n<h3>Czy mog\u0119 za\u0142o\u017cy\u0107 jednocze\u015bnie wiele kont w kasynie Gamblerina?<\/h3>\n<p>Zasad\u0105 jest jedno konto na osob\u0119. Jest ono powi\u0105zane z Twoimi danymi, wi\u0119c utworzenie kilku profili, zw\u0142aszcza z r\u00f3\u017cnymi lub zmy\u015blonymi informacjami, pr\u0119dzej czy p\u00f3\u017aniej prowadzi do problem\u00f3w. Ko\u0144czy si\u0119 to ograniczeniami lub ca\u0142kowitym zablokowaniem konta. Jedno konto dzia\u0142a na wszystkich urz\u0105dzeniach przy u\u017cyciu tych samych danych logowania do Gamblerina.<\/p>\n<h3>Gdzie mog\u0119 sprawdzi\u0107 histori\u0119 mojej aktywno\u015bci w kasynie Gamblerina?<\/h3>\n<p>Wszystko, co robisz na platformie, jest rejestrowane na Twoim koncie. Znajduje si\u0119 tam sekcja, w kt\u00f3rej mo\u017cesz przejrze\u0107 swoje sesje, wp\u0142aty, wyp\u0142aty i wykorzystanie bonus\u00f3w. Wszystko jest posortowane w spos\u00f3b u\u0142atwiaj\u0105cy przegl\u0105danie: wed\u0142ug typu, statusu lub okresu.<\/p>\n<h3>Jak mog\u0119 zweryfikowa\u0107 sw\u00f3j adres e-mail?<\/h3>\n<p>W swoim profilu Gamblerina znajdziesz ma\u0142\u0105 podpowied\u017a, kt\u00f3ra pomo\u017ce Ci potwierdzi\u0107 swoje dane kontaktowe. Zajmie to chwil\u0119, wi\u0119c zrobienie tego wcze\u015bniej sprawi, \u017ce p\u00f3\u017aniej wszystko p\u00f3jdzie g\u0142adko, zw\u0142aszcza je\u015bli kiedykolwiek b\u0119dziesz potrzebowa\u0107 pomocy od naszego wieloj\u0119zycznego wsparcia lub napotkasz problemy zwi\u0105zane z kontem.<\/p>\n<\/div><\/div><\/p>\n","protected":false},"excerpt":{"rendered":"<p>Logowanie do Gamblerina i rejestracja konta Gamblerina login nie jest wcale trudne. Pierwszy krok jest kr\u00f3tki \u2013 wystarczy poda\u0107 adres e-mail i has\u0142o. To wystarczy, aby otworzy\u0107 drzwi. Po zalogowaniu si\u0119 platforma nie jest ju\u017c tylko podgl\u0105dem; zaczyna sprawia\u0107 wra\u017cenie przestrzeni zabawy i przyjemno\u015bci dla polskich graczy.<\/p>\n","protected":false},"author":21,"featured_media":0,"parent":0,"menu_order":0,"comment_status":"closed","ping_status":"closed","template":"template-builder.php","meta":{"_acf_changed":false,"inline_featured_image":false,"footnotes":""},"class_list":["post-1313","page","type-page","status-publish","hentry"],"acf":[],"yoast_head":"<!-- This site is optimized with the Yoast SEO plugin v27.3 - https:\/\/yoast.com\/product\/yoast-seo-wordpress\/ -->\n<title>Gamblerina Casino Login \u2013 Szybka Rejestracja i Bezpieczne Konto<\/title>\n<meta name=\"description\" content=\"Gamblerina Casino Login \u2013 rozpocznij w mniej ni\u017c minut\u0119 dzi\u0119ki b\u0142yskawicznej rejestracji lub zaloguj si\u0119 ponownie z szyfrowaniem na poziomie wojskowym. Zarz\u0105dzaj \u015brodkami, \u015bled\u017a post\u0119py bonus\u00f3w i dostosuj ustawienia konta bez wysi\u0142ku w Gamble Rina.\" \/>\n<meta name=\"robots\" content=\"index, follow, max-snippet:-1, max-image-preview:large, max-video-preview:-1\" \/>\n<link rel=\"canonical\" href=\"https:\/\/gamblerina.org\/pl\/logowanie-i-rejestracja\/\" \/>\n<meta property=\"og:locale\" content=\"pl_PL\" \/>\n<meta property=\"og:type\" content=\"article\" \/>\n<meta property=\"og:title\" content=\"Gamblerina Casino Login \u2013 Szybka Rejestracja i Bezpieczne Konto\" \/>\n<meta property=\"og:description\" content=\"Gamblerina Casino Login \u2013 rozpocznij w mniej ni\u017c minut\u0119 dzi\u0119ki b\u0142yskawicznej rejestracji lub zaloguj si\u0119 ponownie z szyfrowaniem na poziomie wojskowym. Zarz\u0105dzaj \u015brodkami, \u015bled\u017a post\u0119py bonus\u00f3w i dostosuj ustawienia konta bez wysi\u0142ku w Gamble Rina.\" \/>\n<meta property=\"og:url\" content=\"https:\/\/gamblerina.org\/pl\/logowanie-i-rejestracja\/\" \/>\n<meta property=\"og:site_name\" content=\"Gamblerina\" \/>\n<meta property=\"article:modified_time\" content=\"2026-04-20T10:02:25+00:00\" \/>\n<meta name=\"twitter:card\" content=\"summary_large_image\" \/>\n<meta name=\"twitter:label1\" content=\"Est. reading time\" \/>\n\t<meta name=\"twitter:data1\" content=\"1 minute\" \/>\n<script type=\"application\/ld+json\" class=\"yoast-schema-graph\">{\"@context\":\"https:\\\/\\\/schema.org\",\"@graph\":[{\"@type\":\"WebPage\",\"@id\":\"https:\\\/\\\/gamblerina.org\\\/pl\\\/logowanie-i-rejestracja\\\/\",\"url\":\"https:\\\/\\\/gamblerina.org\\\/pl\\\/logowanie-i-rejestracja\\\/\",\"name\":\"Gamblerina Casino Login \u2013 Szybka Rejestracja i Bezpieczne Konto\",\"isPartOf\":{\"@id\":\"https:\\\/\\\/gamblerina.org\\\/pl\\\/#website\"},\"datePublished\":\"2026-04-17T12:02:01+00:00\",\"dateModified\":\"2026-04-20T10:02:25+00:00\",\"description\":\"Gamblerina Casino Login \u2013 rozpocznij w mniej ni\u017c minut\u0119 dzi\u0119ki b\u0142yskawicznej rejestracji lub zaloguj si\u0119 ponownie z szyfrowaniem na poziomie wojskowym. Zarz\u0105dzaj \u015brodkami, \u015bled\u017a post\u0119py bonus\u00f3w i dostosuj ustawienia konta bez wysi\u0142ku w Gamble Rina.\",\"breadcrumb\":{\"@id\":\"https:\\\/\\\/gamblerina.org\\\/pl\\\/logowanie-i-rejestracja\\\/#breadcrumb\"},\"inLanguage\":\"pl-PL\",\"potentialAction\":[{\"@type\":\"ReadAction\",\"target\":[\"https:\\\/\\\/gamblerina.org\\\/pl\\\/logowanie-i-rejestracja\\\/\"]}]},{\"@type\":\"BreadcrumbList\",\"@id\":\"https:\\\/\\\/gamblerina.org\\\/pl\\\/logowanie-i-rejestracja\\\/#breadcrumb\",\"itemListElement\":[{\"@type\":\"ListItem\",\"position\":1,\"name\":\"Gamblerina\",\"item\":\"https:\\\/\\\/gamblerina.org\\\/pl\\\/\"},{\"@type\":\"ListItem\",\"position\":2,\"name\":\"Logowanie i rejestracja\"}]},{\"@type\":\"WebSite\",\"@id\":\"https:\\\/\\\/gamblerina.org\\\/pl\\\/#website\",\"url\":\"https:\\\/\\\/gamblerina.org\\\/pl\\\/\",\"name\":\"Gamblerina\",\"description\":\"\",\"publisher\":{\"@id\":\"https:\\\/\\\/gamblerina.org\\\/pl\\\/#organization\"},\"potentialAction\":[{\"@type\":\"SearchAction\",\"target\":{\"@type\":\"EntryPoint\",\"urlTemplate\":\"https:\\\/\\\/gamblerina.org\\\/pl\\\/?s={search_term_string}\"},\"query-input\":{\"@type\":\"PropertyValueSpecification\",\"valueRequired\":true,\"valueName\":\"search_term_string\"}}],\"inLanguage\":\"pl-PL\"},{\"@type\":\"Organization\",\"@id\":\"https:\\\/\\\/gamblerina.org\\\/pl\\\/#organization\",\"name\":\"Gamblerina\",\"url\":\"https:\\\/\\\/gamblerina.org\\\/pl\\\/\",\"logo\":{\"@type\":\"ImageObject\",\"inLanguage\":\"pl-PL\",\"@id\":\"https:\\\/\\\/gamblerina.org\\\/pl\\\/#\\\/schema\\\/logo\\\/image\\\/\",\"url\":\"https:\\\/\\\/gamblerina.org\\\/wp-content\\\/uploads\\\/2026\\\/04\\\/Gamblerina-logo.png\",\"contentUrl\":\"https:\\\/\\\/gamblerina.org\\\/wp-content\\\/uploads\\\/2026\\\/04\\\/Gamblerina-logo.png\",\"width\":196,\"height\":40,\"caption\":\"Gamblerina\"},\"image\":{\"@id\":\"https:\\\/\\\/gamblerina.org\\\/pl\\\/#\\\/schema\\\/logo\\\/image\\\/\"}}]}<\/script>\n<!-- \/ Yoast SEO plugin. -->","yoast_head_json":{"title":"Gamblerina Casino Login \u2013 Szybka Rejestracja i Bezpieczne Konto","description":"Gamblerina Casino Login \u2013 rozpocznij w mniej ni\u017c minut\u0119 dzi\u0119ki b\u0142yskawicznej rejestracji lub zaloguj si\u0119 ponownie z szyfrowaniem na poziomie wojskowym. Zarz\u0105dzaj \u015brodkami, \u015bled\u017a post\u0119py bonus\u00f3w i dostosuj ustawienia konta bez wysi\u0142ku w Gamble Rina.","robots":{"index":"index","follow":"follow","max-snippet":"max-snippet:-1","max-image-preview":"max-image-preview:large","max-video-preview":"max-video-preview:-1"},"canonical":"https:\/\/gamblerina.org\/pl\/logowanie-i-rejestracja\/","og_locale":"pl_PL","og_type":"article","og_title":"Gamblerina Casino Login \u2013 Szybka Rejestracja i Bezpieczne Konto","og_description":"Gamblerina Casino Login \u2013 rozpocznij w mniej ni\u017c minut\u0119 dzi\u0119ki b\u0142yskawicznej rejestracji lub zaloguj si\u0119 ponownie z szyfrowaniem na poziomie wojskowym. Zarz\u0105dzaj \u015brodkami, \u015bled\u017a post\u0119py bonus\u00f3w i dostosuj ustawienia konta bez wysi\u0142ku w Gamble Rina.","og_url":"https:\/\/gamblerina.org\/pl\/logowanie-i-rejestracja\/","og_site_name":"Gamblerina","article_modified_time":"2026-04-20T10:02:25+00:00","twitter_card":"summary_large_image","twitter_misc":{"Est. reading time":"1 minute"},"schema":{"@context":"https:\/\/schema.org","@graph":[{"@type":"WebPage","@id":"https:\/\/gamblerina.org\/pl\/logowanie-i-rejestracja\/","url":"https:\/\/gamblerina.org\/pl\/logowanie-i-rejestracja\/","name":"Gamblerina Casino Login \u2013 Szybka Rejestracja i Bezpieczne Konto","isPartOf":{"@id":"https:\/\/gamblerina.org\/pl\/#website"},"datePublished":"2026-04-17T12:02:01+00:00","dateModified":"2026-04-20T10:02:25+00:00","description":"Gamblerina Casino Login \u2013 rozpocznij w mniej ni\u017c minut\u0119 dzi\u0119ki b\u0142yskawicznej rejestracji lub zaloguj si\u0119 ponownie z szyfrowaniem na poziomie wojskowym. Zarz\u0105dzaj \u015brodkami, \u015bled\u017a post\u0119py bonus\u00f3w i dostosuj ustawienia konta bez wysi\u0142ku w Gamble Rina.","breadcrumb":{"@id":"https:\/\/gamblerina.org\/pl\/logowanie-i-rejestracja\/#breadcrumb"},"inLanguage":"pl-PL","potentialAction":[{"@type":"ReadAction","target":["https:\/\/gamblerina.org\/pl\/logowanie-i-rejestracja\/"]}]},{"@type":"BreadcrumbList","@id":"https:\/\/gamblerina.org\/pl\/logowanie-i-rejestracja\/#breadcrumb","itemListElement":[{"@type":"ListItem","position":1,"name":"Gamblerina","item":"https:\/\/gamblerina.org\/pl\/"},{"@type":"ListItem","position":2,"name":"Logowanie i rejestracja"}]},{"@type":"WebSite","@id":"https:\/\/gamblerina.org\/pl\/#website","url":"https:\/\/gamblerina.org\/pl\/","name":"Gamblerina","description":"","publisher":{"@id":"https:\/\/gamblerina.org\/pl\/#organization"},"potentialAction":[{"@type":"SearchAction","target":{"@type":"EntryPoint","urlTemplate":"https:\/\/gamblerina.org\/pl\/?s={search_term_string}"},"query-input":{"@type":"PropertyValueSpecification","valueRequired":true,"valueName":"search_term_string"}}],"inLanguage":"pl-PL"},{"@type":"Organization","@id":"https:\/\/gamblerina.org\/pl\/#organization","name":"Gamblerina","url":"https:\/\/gamblerina.org\/pl\/","logo":{"@type":"ImageObject","inLanguage":"pl-PL","@id":"https:\/\/gamblerina.org\/pl\/#\/schema\/logo\/image\/","url":"https:\/\/gamblerina.org\/wp-content\/uploads\/2026\/04\/Gamblerina-logo.png","contentUrl":"https:\/\/gamblerina.org\/wp-content\/uploads\/2026\/04\/Gamblerina-logo.png","width":196,"height":40,"caption":"Gamblerina"},"image":{"@id":"https:\/\/gamblerina.org\/pl\/#\/schema\/logo\/image\/"}}]}},"_links":{"self":[{"href":"https:\/\/gamblerina.org\/pl\/wp-json\/wp\/v2\/pages\/1313","targetHints":{"allow":["GET"]}}],"collection":[{"href":"https:\/\/gamblerina.org\/pl\/wp-json\/wp\/v2\/pages"}],"about":[{"href":"https:\/\/gamblerina.org\/pl\/wp-json\/wp\/v2\/types\/page"}],"author":[{"embeddable":true,"href":"https:\/\/gamblerina.org\/pl\/wp-json\/wp\/v2\/users\/21"}],"replies":[{"embeddable":true,"href":"https:\/\/gamblerina.org\/pl\/wp-json\/wp\/v2\/comments?post=1313"}],"version-history":[{"count":2,"href":"https:\/\/gamblerina.org\/pl\/wp-json\/wp\/v2\/pages\/1313\/revisions"}],"predecessor-version":[{"id":1735,"href":"https:\/\/gamblerina.org\/pl\/wp-json\/wp\/v2\/pages\/1313\/revisions\/1735"}],"wp:attachment":[{"href":"https:\/\/gamblerina.org\/pl\/wp-json\/wp\/v2\/media?parent=1313"}],"curies":[{"name":"wp","href":"https:\/\/api.w.org\/{rel}","templated":true}]}}